{"id":7460,"date":"2025-01-07T17:39:39","date_gmt":"2025-01-07T16:39:39","guid":{"rendered":"https:\/\/putz24.ch\/basic-services\/"},"modified":"2025-07-22T21:22:53","modified_gmt":"2025-07-22T19:22:53","slug":"basic-services","status":"publish","type":"page","link":"https:\/\/www.putz24.ch\/en\/basic-services\/","title":{"rendered":"Basic services"},"content":{"rendered":"\t\t<div data-elementor-type=\"wp-page\" data-elementor-id=\"7460\" class=\"elementor elementor-7460 elementor-6565\">\n\t\t\t\t\t\t<section class=\"pix-elementor-divider elementor-section elementor-top-section elementor-element elementor-element-99ae0d6 elementor-section-boxed elementor-section-height-default elementor-section-height-default\" data-id=\"99ae0d6\" data-element_type=\"section\" data-e-type=\"section\">\n\t\t\t\t\t\t<div class=\"elementor-container elementor-column-gap-default\">\n\t\t\t\t\t<div class=\"elementor-column elementor-col-50 elementor-top-column elementor-element elementor-element-3c93400\" data-id=\"3c93400\" data-element_type=\"column\" data-e-type=\"column\">\n\t\t\t<div class=\"elementor-widget-wrap elementor-element-populated\">\n\t\t\t\t\t\t<div class=\"elementor-element elementor-element-afb4196 elementor-widget elementor-widget-pix-highlighted-text\" data-id=\"afb4196\" data-element_type=\"widget\" data-e-type=\"widget\" data-widget_type=\"pix-highlighted-text.default\">\n\t\t\t\t<div class=\"elementor-widget-container\">\n\t\t\t\t\t<div id=\"el-afb4196\" class=\"pix-highlighted-element text-left \"><h2 class=\"pix-highlighted-items \" style=\"\" data-anim-type=\"\" data-anim-delay=\"\"><span id=\"el-afb4196-0\"  class=\" elementor-repeater-item-d38df35\"><span   class=\"pix-highlighted-text  pix-highlight-item font-weight-normal  heading-font text-heading-default\">Basic services<\/span><\/span><\/h2><\/div>\t\t\t\t<\/div>\n\t\t\t\t<\/div>\n\t\t\t\t<div class=\"elementor-element elementor-element-44a927f elementor-widget elementor-widget-pix-text\" data-id=\"44a927f\" data-element_type=\"widget\" data-e-type=\"widget\" data-widget_type=\"pix-text.default\">\n\t\t\t\t<div class=\"elementor-widget-container\">\n\t\t\t\t\t<div class=\"pix-el-text w-100 text-left \" ><p class=\"text-20 resp-option text-dark-opacity-5 text-left \" >Our professional cleaners provide the following services as part of a standard cleaning. The activities are listed in clear categories so that you can see at a glance what is included: <\/p><\/div>\t\t\t\t<\/div>\n\t\t\t\t<\/div>\n\t\t\t\t<div class=\"elementor-element elementor-element-c00c8aa elementor-widget__width-auto elementor-widget elementor-widget-pix-button\" data-id=\"c00c8aa\" data-element_type=\"widget\" data-e-type=\"widget\" data-widget_type=\"pix-button.default\">\n\t\t\t\t<div class=\"elementor-widget-container\">\n\t\t\t\t\t<a  href=\"https:\/\/putz24.ch\/en\/services\" class=\"btn m-0     shadow-sm btn-secondary d-inline-flex align-items-center pix-hover-item       btn-lg\"     ><svg class=\"pixfort-icon font-weight-bold  pix-hover-left  mr-2\" width=\"24\" height=\"24\"  data-name=\"Line\/pixfort-icon-menu-1\" viewBox=\"2 2 20 20\"><path fill=\"none\" stroke=\"var(--pf-icon-color)\" stroke-linecap=\"round\" stroke-linejoin=\"round\" stroke-width=\"var(--pf-icon-stroke-width)\" d=\"M4,7 L20,7 M4,12 L20,12 M4,17 L20,17\"\/><\/svg><span class=\"font-weight-bold \" >Configuration<\/span><\/a>\t\t\t\t<\/div>\n\t\t\t\t<\/div>\n\t\t\t\t<div class=\"elementor-element elementor-element-d9a8184 elementor-widget__width-auto elementor-widget elementor-widget-pix-button\" data-id=\"d9a8184\" data-element_type=\"widget\" data-e-type=\"widget\" data-widget_type=\"pix-button.default\">\n\t\t\t\t<div class=\"elementor-widget-container\">\n\t\t\t\t\t<a  href=\"https:\/\/putz24.ch\/en\/contact\" class=\"btn m-0     shadow-sm text-heading-default btn-white d-inline-flex align-items-center pix-hover-item       btn-lg\"     ><svg class=\"pixfort-icon font-weight-bold  pix-hover-left  mr-2\" width=\"24\" height=\"24\"  data-name=\"Line\/pixfort-icon-telephone-1\" viewBox=\"2 2 20 20\"><path fill=\"none\" stroke=\"var(--pf-icon-color)\" stroke-linecap=\"round\" stroke-linejoin=\"round\" stroke-width=\"var(--pf-icon-stroke-width)\" d=\"M18.8832522,15.2149875 L16.6435199,14.9557395 C16.063686,14.888624 15.4834673,15.0781662 15.0550765,15.474642 L13.9101291,16.5342913 L13.9101291,16.5342913 C11.0247673,15.2272362 8.65046344,13.0476406 7.32012905,9.94429134 L8.40498315,8.93981673 C8.87321964,8.50627302 9.10646531,7.87531619 9.03281655,7.24145388 L8.78582632,5.11571837 C8.65834351,4.01853018 7.6655515,3.23242866 6.56836332,3.35991148 C6.52669972,3.36475239 6.48519872,3.37090276 6.44392189,3.37835345 L4.03181843,3.81375119 C3.42678981,3.92293172 2.99622204,4.46337942 3.02497102,5.07750767 C3.02497102,5.07750767 3.02497102,5.07750767 3.02497102,5.07750767 C3.46000713,14.3706349 9.54976692,20.5603505 18.9740596,20.9775141 C18.9740596,20.9775141 18.9740596,20.9775141 18.9740596,20.9775141 C19.5592738,21.0034184 20.0735032,20.5926686 20.177581,20.0162014 L20.6214816,17.5569921 C20.8176915,16.4699892 20.095561,15.4297396 19.0085581,15.2335297 C18.9669957,15.2260274 18.9252062,15.2198436 18.8832522,15.2149875 Z\"\/><\/svg><span class=\"font-weight-bold \" >Contact us<\/span><\/a>\t\t\t\t<\/div>\n\t\t\t\t<\/div>\n\t\t\t\t\t<\/div>\n\t\t<\/div>\n\t\t\t\t<div class=\"elementor-column elementor-col-50 elementor-top-column elementor-element elementor-element-a01eb17\" data-id=\"a01eb17\" data-element_type=\"column\" data-e-type=\"column\">\n\t\t\t<div class=\"elementor-widget-wrap elementor-element-populated\">\n\t\t\t\t\t\t<div class=\"elementor-element elementor-element-62048a4 elementor-widget elementor-widget-pix-img\" data-id=\"62048a4\" data-element_type=\"widget\" data-e-type=\"widget\" data-widget_type=\"pix-img.default\">\n\t\t\t\t<div class=\"elementor-widget-container\">\n\t\t\t\t\t<div id=\"el-62048a4\" class=\"pix-img-element d-inline-block \" ><div class=\"pix-img-el    shadow-lg shadow-hover-lg scale-sm text-center d-inline-block  w-100 rounded-10\"  data-jarallax-element=\"50 0\" data-xaxis=\"50\" data-yaxis=\"0\"><img fetchpriority=\"high\" decoding=\"async\" width=\"750\" height=\"500\" src=\"https:\/\/www.putz24.ch\/wp-content\/uploads\/2024\/05\/cleaning-company.webp\" class=\"pix-img-elem rounded-10\" alt=\"Intro\" srcset=\"https:\/\/www.putz24.ch\/wp-content\/uploads\/2024\/05\/cleaning-company.webp 750w, https:\/\/www.putz24.ch\/wp-content\/uploads\/2024\/05\/cleaning-company-300x200.webp 300w\" sizes=\"(max-width: 750px) 100vw, 750px\" \/><\/div><\/div>\t\t\t\t<\/div>\n\t\t\t\t<\/div>\n\t\t\t\t\t<\/div>\n\t\t<\/div>\n\t\t\t\t\t<\/div>\n\t\t<\/section>\n\t\t<div class=\"pix-divider  position-relative pix-bottom-divider elementor-element elementor-element-99ae0d6\" data-style=\"style-8\" ><svg xmlns=\"http:\/\/www.w3.org\/2000\/svg\" width=\"100%\" height=\"300px\" viewBox=\"0 0 1200 366\" preserveAspectRatio=\"none\"><g class=\"animate-in\" data-anim-type=\"fade-in-up\" data-anim-delay=\"300\"><polygon fill=\"url(#divider-pix-accordion-253051-bottom-overlay-layer-3)\" points=\"0 240 1200 0 1200 366 0 366\" \/><\/g><polygon fill=\"#FFFFFF00\"  points=\"0 300 1200 60 1200 366 0 366\" \/><polygon fill=\"#ffffff\" points=\"0 360 1200 120 1200 366 0 366\"\/><defs><linearGradient id=\"divider-pix-accordion-253051-bottom-overlay-layer-3\" x1=\"0%\" y1=\"0%\" x2=\"100%\" y2=\"0%\"><stop offset=\"0%\"   stop-color=\"#00000014\"\/><stop offset=\"100%\"   stop-color=\"#FFFFFF03\"\/><\/linearGradient><\/defs><\/svg><\/div><div class=\"elementor-element elementor-element-684a6b7 e-flex e-con-boxed e-con e-parent\" data-id=\"684a6b7\" data-element_type=\"container\" data-e-type=\"container\">\n\t\t\t\t\t<div class=\"e-con-inner\">\n\t\t\t\t<div class=\"elementor-element elementor-element-b7f11f9 elementor-widget elementor-widget-html\" data-id=\"b7f11f9\" data-element_type=\"widget\" data-e-type=\"widget\" data-widget_type=\"html.default\">\n\t\t\t\t<div class=\"elementor-widget-container\">\n\t\t\t\t\t<!DOCTYPE html><html lang=\"de\"><head><meta charset=\"UTF-8\"><title>Grundleistungen \u2013 Putz24<\/title><style>.putz24-wrapper {\r\n      font-family: Arial, sans-serif;\r\n      color: #333;\r\n    }\r\n    .putz24-wrapper h3 {\r\n      font-size: 1.2rem;\r\n      margin: 1.5em 0 0.5em;\r\n      font-weight: bold;\r\n    }\r\n    .putz24-table {\r\n      width: 100%;\r\n      border-collapse: collapse;\r\n      margin-bottom: 1.5em;\r\n      background-color: #fff;\r\n      font-size: 0.95rem;\r\n    }\r\n    .putz24-table th,\r\n    .putz24-table td {\r\n      border: 1px solid #ccc;\r\n      padding: 10px 12px;\r\n      text-align: left;\r\n      vertical-align: middle;\r\n    }\r\n    .putz24-table th {\r\n      background-color: #f0f0f0;\r\n      font-weight: 600;\r\n    }\r\n    .putz24-check {\r\n      text-align: center;\r\n      font-size: 18px;\r\n      color: green;\r\n      width: 40px;\r\n    }\r\n    .putz24-optional-note {\r\n      background-color: #fff8dc;\r\n      border: 1px solid #e6d27a;\r\n      padding: 15px;\r\n      margin-top: 1.5em;\r\n      font-size: 0.95rem;\r\n    }\r\n  <\/style><\/head><body><div class=\"putz24-wrapper\"><h3>Wohnr\u00e4ume & Gemeinschaftsbereiche<\/h3><table class=\"putz24-table\"><tr><th>Leistung<\/th><th class=\"putz24-check\">\u2714<\/th><\/tr><tr><td>B\u00f6den staubsaugen & feucht aufnehmen<\/td><td class=\"putz24-check\">\u2714<\/td><\/tr><tr><td>Spiegel und Glasfl\u00e4chen reinigen<\/td><td class=\"putz24-check\">\u2714<\/td><\/tr><tr><td>Oberfl\u00e4chen entstauben & abwischen<\/td><td class=\"putz24-check\">\u2714<\/td><\/tr><tr><td>M\u00fcll entsorgen & ggf. recyceln<\/td><td class=\"putz24-check\">\u2714<\/td><\/tr><\/table><h3>Badezimmer & WC<\/h3><table class=\"putz24-table\"><tr><th>Leistung<\/th><th class=\"putz24-check\">\u2714<\/th><\/tr><tr><td>Toilette, Waschbecken, Dusche & Badewanne reinigen<\/td><td class=\"putz24-check\">\u2714<\/td><\/tr><tr><td>B\u00f6den reinigen (saugen & wischen)<\/td><td class=\"putz24-check\">\u2714<\/td><\/tr><tr><td>Spiegel und Fliesen abwischen<\/td><td class=\"putz24-check\">\u2714<\/td><\/tr><tr><td>M\u00fcll entsorgen & ggf. recyceln<\/td><td class=\"putz24-check\">\u2714<\/td><\/tr><\/table><h3>K\u00fcche<\/h3><table class=\"putz24-table\"><tr><th>Leistung<\/th><th class=\"putz24-check\">\u2714<\/th><\/tr><tr><td>Arbeitsfl\u00e4chen & Sp\u00fcle reinigen<\/td><td class=\"putz24-check\">\u2714<\/td><\/tr><tr><td>Geschirr sp\u00fclen (falls vorhanden)<\/td><td class=\"putz24-check\">\u2714<\/td><\/tr><tr><td>Herd, Ofen & K\u00fchlschrank (au\u00dfen) reinigen<\/td><td class=\"putz24-check\">\u2714<\/td><\/tr><tr><td>B\u00f6den saugen & wischen<\/td><td class=\"putz24-check\">\u2714<\/td><\/tr><tr><td>M\u00fcll entsorgen & ggf. recyceln<\/td><td class=\"putz24-check\">\u2714<\/td><\/tr><\/table><h3>Zus\u00e4tzliche Optionen (Extras)<\/h3><table class=\"putz24-table\"><tr><th>Zusatzleistung<\/th><th class=\"putz24-check\">\u2714<\/th><\/tr><tr><td>Innenreinigung K\u00fchlschrank<\/td><td class=\"putz24-check\">\u2714<\/td><\/tr><tr><td>Backofen-Innenreinigung<\/td><td class=\"putz24-check\">\u2714<\/td><\/tr><tr><td>Fensterreinigung innen<\/td><td class=\"putz24-check\">\u2714<\/td><\/tr><tr><td>B\u00fcgelservice vor Ort<\/td><td class=\"putz24-check\">\u2714<\/td><\/tr><\/table><div class=\"putz24-optional-note\"><strong>Wichtiger Hinweis:<\/strong><br\/>Aus sicherheits- und haftungstechnischen Gr\u00fcnden bieten wir keine Au\u00dfenreinigung von Fensterscheiben, keine Sch\u00e4dlingsbek\u00e4mpfung, keine schweren Au\u00dfenarbeiten oder Entfernung von hartn\u00e4ckigem Schmutz (z.\u202fB. Schlamm an Fassaden) an.\r\n    <\/div><\/div><\/body><\/html>\t\t\t\t<\/div>\n\t\t\t\t<\/div>\n\t\t\t\t\t<\/div>\n\t\t\t\t<\/div>\n\t\t\t\t<\/div>\n\t\t","protected":false},"excerpt":{"rendered":"<p>Basic services Our professional cleaners provide the following services as part of a standard cleaning. The activities are listed in clear categories so that you can see at a glance what is included: Configuration Contact us Grundleistungen \u2013 Putz24 Wohnr\u00e4ume&#8230;<\/p>\n","protected":false},"author":1,"featured_media":0,"parent":0,"menu_order":0,"comment_status":"closed","ping_status":"closed","template":"","meta":{"_acf_changed":false,"footnotes":""},"class_list":["post-7460","page","type-page","status-publish","hentry"],"acf":[],"_links":{"self":[{"href":"https:\/\/www.putz24.ch\/en\/wp-json\/wp\/v2\/pages\/7460","targetHints":{"allow":["GET"]}}],"collection":[{"href":"https:\/\/www.putz24.ch\/en\/wp-json\/wp\/v2\/pages"}],"about":[{"href":"https:\/\/www.putz24.ch\/en\/wp-json\/wp\/v2\/types\/page"}],"author":[{"embeddable":true,"href":"https:\/\/www.putz24.ch\/en\/wp-json\/wp\/v2\/users\/1"}],"replies":[{"embeddable":true,"href":"https:\/\/www.putz24.ch\/en\/wp-json\/wp\/v2\/comments?post=7460"}],"version-history":[{"count":12,"href":"https:\/\/www.putz24.ch\/en\/wp-json\/wp\/v2\/pages\/7460\/revisions"}],"predecessor-version":[{"id":40629,"href":"https:\/\/www.putz24.ch\/en\/wp-json\/wp\/v2\/pages\/7460\/revisions\/40629"}],"wp:attachment":[{"href":"https:\/\/www.putz24.ch\/en\/wp-json\/wp\/v2\/media?parent=7460"}],"curies":[{"name":"wp","href":"https:\/\/api.w.org\/{rel}","templated":true}]}}