{"id":11651,"date":"2025-07-21T12:20:55","date_gmt":"2025-07-21T10:20:55","guid":{"rendered":"https:\/\/putz24.ch\/agb\/fensterreinigung\/"},"modified":"2025-11-26T21:43:35","modified_gmt":"2025-11-26T20:43:35","slug":"limpieza-ventanas","status":"publish","type":"page","link":"https:\/\/www.putz24.ch\/es\/condiciones\/limpieza-ventanas\/","title":{"rendered":"Condiciones generales de limpieza de cristales"},"content":{"rendered":"\t\t<div data-elementor-type=\"wp-page\" data-elementor-id=\"11651\" class=\"elementor elementor-11651 elementor-11420\">\n\t\t\t\t\t\t<section class=\"pix-elementor-divider elementor-section elementor-top-section elementor-element elementor-element-a3f9510 elementor-section-boxed elementor-section-height-default elementor-section-height-default\" data-id=\"a3f9510\" data-element_type=\"section\" data-e-type=\"section\" data-settings=\"{&quot;background_background&quot;:&quot;classic&quot;}\">\n\t\t\t\t\t\t<div class=\"elementor-container elementor-column-gap-default\">\n\t\t\t\t\t<div class=\"elementor-column elementor-col-100 elementor-top-column elementor-element elementor-element-9998836\" data-id=\"9998836\" data-element_type=\"column\" data-e-type=\"column\">\n\t\t\t<div class=\"elementor-widget-wrap elementor-element-populated\">\n\t\t\t\t\t\t<div class=\"elementor-element elementor-element-4f96a8e elementor-widget elementor-widget-pix-button\" data-id=\"4f96a8e\" data-element_type=\"widget\" data-e-type=\"widget\" data-widget_type=\"pix-button.default\">\n\t\t\t\t<div class=\"elementor-widget-container\">\n\t\t\t\t\t<a  href=\"https:\/\/putz24.ch\/agb\" class=\"btn m-0      btn-link text-gray-5 d-inline-flex align-items-center pix-hover-item  no-padding     animate-in btn-normal\"   data-anim-type=\"fade-in-right\" data-anim-delay=\"\" ><svg class=\"pixfort-icon font-weight-bold  pix-hover-left  mr-2\" width=\"24\" height=\"24\"  data-name=\"Line\/pixfort-icon-arrow-left-circle-2\" viewBox=\"2 2 20 20\"><path fill=\"none\" stroke=\"var(--pf-icon-color)\" stroke-linecap=\"round\" stroke-linejoin=\"round\" stroke-width=\"var(--pf-icon-stroke-width)\" d=\"M12,21 C16.9705627,21 21,16.9705627 21,12 C21,7.02943725 16.9705627,3 12,3 C7.02943725,3 3,7.02943725 3,12 C3,16.9705627 7.02943725,21 12,21 Z M10.5,8 L14.5,12 L10.5,16\" transform=\"matrix(-1 0 0 1 24 0)\"\/><\/svg><span class=\"font-weight-bold \" >Volver a la visi\u00f3n general de las CGC<\/span><\/a>\t\t\t\t<\/div>\n\t\t\t\t<\/div>\n\t\t\t\t<div class=\"elementor-element elementor-element-174d518 elementor-widget elementor-widget-pix-highlighted-text\" data-id=\"174d518\" data-element_type=\"widget\" data-e-type=\"widget\" data-widget_type=\"pix-highlighted-text.default\">\n\t\t\t\t<div class=\"elementor-widget-container\">\n\t\t\t\t\t<div id=\"el-174d518\" class=\"pix-highlighted-element text-left \"><h4 class=\"pix-highlighted-items \" style=\"\" data-anim-type=\"\" data-anim-delay=\"\"><span id=\"el-174d518-0\"  class=\" elementor-repeater-item-b2f5606\"><span   class=\"pix-highlighted-text  pix-highlight-item font-weight-normal  font-weight-bold heading-font text-heading-default\">Condiciones generales de contrataci\u00f3n (CGC) para la limpieza de cristales<\/span><\/span><\/h4><\/div>\t\t\t\t<\/div>\n\t\t\t\t<\/div>\n\t\t\t\t<div class=\"elementor-element elementor-element-aecb09e elementor-widget elementor-widget-text-editor\" data-id=\"aecb09e\" data-element_type=\"widget\" data-e-type=\"widget\" data-widget_type=\"text-editor.default\">\n\t\t\t\t<div class=\"elementor-widget-container\">\n\t\t\t\t\t\t\t\t\t<p>Las presentes Condiciones Generales de Contrataci\u00f3n (CGC) regulan la relaci\u00f3n comercial entre Putz24 GmbH y el cliente. Al reservar nuestros servicios, el cliente acepta los siguientes t\u00e9rminos y condiciones. <\/p>\t\t\t\t\t\t\t\t<\/div>\n\t\t\t\t<\/div>\n\t\t\t\t\t<\/div>\n\t\t<\/div>\n\t\t\t\t\t<\/div>\n\t\t<\/section>\n\t\t<div class=\"pix-divider  position-relative pix-bottom-divider elementor-element elementor-element-a3f9510\" data-style=\"style-8\" ><svg xmlns=\"http:\/\/www.w3.org\/2000\/svg\" width=\"100%\" height=\"300px\" viewBox=\"0 0 1200 366\" preserveAspectRatio=\"none\"><g class=\"animate-in\" data-anim-type=\"fade-in-up\" data-anim-delay=\"300\"><polygon fill=\"url(#divider-pix-accordion-175115-bottom-overlay-layer-3)\" points=\"0 240 1200 0 1200 366 0 366\" \/><\/g><polygon fill=\"#FFFFFF00\"  points=\"0 300 1200 60 1200 366 0 366\" \/><polygon fill=\"#ffffff\" points=\"0 360 1200 120 1200 366 0 366\"\/><defs><linearGradient id=\"divider-pix-accordion-175115-bottom-overlay-layer-3\" x1=\"0%\" y1=\"0%\" x2=\"100%\" y2=\"0%\"><stop offset=\"0%\"   stop-color=\"#00000014\"\/><stop offset=\"100%\"   stop-color=\"#FFFFFF03\"\/><\/linearGradient><\/defs><\/svg><\/div>\t\t<section class=\"elementor-section elementor-top-section elementor-element elementor-element-39c62d13 elementor-section-boxed elementor-section-height-default elementor-section-height-default\" data-id=\"39c62d13\" data-element_type=\"section\" data-e-type=\"section\">\n\t\t\t\t\t\t<div class=\"elementor-container elementor-column-gap-default\">\n\t\t\t\t\t<div class=\"elementor-column elementor-col-100 elementor-top-column elementor-element elementor-element-20bbb799\" data-id=\"20bbb799\" data-element_type=\"column\" data-e-type=\"column\">\n\t\t\t<div class=\"elementor-widget-wrap elementor-element-populated\">\n\t\t\t\t\t\t<div class=\"elementor-element elementor-element-2f95140c elementor-widget elementor-widget-pix-text\" data-id=\"2f95140c\" data-element_type=\"widget\" data-e-type=\"widget\" data-widget_type=\"pix-text.default\">\n\t\t\t\t<div class=\"elementor-widget-container\">\n\t\t\t\t\t<div class=\"pix-el-text w-100 text-left \" ><p class=\"resp-option text-left \"><p><em>Situaci\u00f3n a 17 de noviembre de 2025<\/em><\/p><p><strong>Condiciones Generales de Contrataci\u00f3n (CGC) para la limpieza de cristales<br><\/strong><em>Limpieza de cristales de viviendas particulares, oficinas o inmuebles<\/em><\/p><p><strong>1. informaci\u00f3n general<\/strong><\/p><p><strong>1.1 \u00c1mbito de aplicaci\u00f3n<\/strong><br>Las presentes Condiciones Generales de Contrataci\u00f3n (CGC) se aplican a todos los contratos celebrados entre <strong>Putz24 GmbH<\/strong>, Bundesplatz 14, 6300 Zug (en adelante, el \u00abProveedor de Servicios\u00bb) y sus clientes (en adelante, el \u00abCliente\u00bb) por servicios de limpieza de cristales.<\/p><p><strong>1.2 Conclusi\u00f3n del contrato<\/strong><br>El contrato se celebra cuando el cliente reserva una limpieza de cristales en el sitio web del proveedor de servicios y completa el configurador en su totalidad. Al enviar el formulario, se pide al cliente que acepte estas Condiciones Generales. Al confirmar la reserva, el cliente celebra inmediatamente un contrato vinculante con el proveedor de servicios. El pedido se confirma autom\u00e1ticamente por correo electr\u00f3nico y el cliente recibe la confirmaci\u00f3n del pedido, incluidas las Condiciones Generales.    <br><strong>Adem\u00e1s:<\/strong> al cliente se le muestran todos los costes incurridos directamente en el sitio web.<\/p><p><strong>1.3 Modificaciones de las CGC<\/strong><br>El Proveedor de Servicios se reserva el derecho a modificar estas CGC en cualquier momento. Las modificaciones se notificar\u00e1n al Cliente con la debida antelaci\u00f3n antes de su entrada en vigor y se considerar\u00e1 que las acepta si no se opone en un plazo de 14 d\u00edas. <\/p><p><strong>2. descripci\u00f3n del servicio<\/strong><\/p><p><strong>2.1 Alcance de los servicios<\/strong><br>El prestador de servicios ofrece los siguientes servicios de limpieza de ventanas:<br>Limpieza del interior y exterior de las ventanas de acuerdo con la confirmaci\u00f3n del pedido, realizada mediante el configurador del sitio web.<\/p><p><strong>2.2 Medidas de seguridad<\/strong><br>El proveedor de servicios se compromete a cumplir todas las medidas de seguridad necesarias cuando realice la limpieza de cristales, especialmente cuando trabaje a gran altura.<\/p><p><strong>2.3 Periodo de servicio<\/strong><br>La limpieza de ventanas se realizar\u00e1 en el momento especificado en el contrato. Los cambios deben hacerse por escrito. <\/p><p><strong>2.4 Cl\u00e1usula de cancelaci\u00f3n<\/strong><br>El proveedor de servicios se reserva el derecho a no cumplir el contrato en caso de escasez de personal o dificultades de asignaci\u00f3n y a cancelar la b\u00fasqueda o el contrato en cualquier momento. En tal caso, se informar\u00e1 inmediatamente al cliente. <\/p><p><strong>3. precios y pago<\/strong><\/p><p><strong>3.1 Precios<\/strong><br>Los precios del servicio se establecen en la confirmaci\u00f3n de pedido adjunta. Todos los precios son <strong>sin IVA<\/strong>. <\/p><p><strong>3.2 Condiciones de pago<\/strong><br>Los clientes pueden elegir entre varias opciones de pago. Pueden aplicarse comisiones adicionales por pagos con tarjeta de cr\u00e9dito o pagos TWINT. Las facturas son pagaderas en neto en un plazo de diez d\u00edas a partir de la fecha de la factura, sin deducciones. Para pedidos m\u00e1s grandes, se puede llegar a un acuerdo sobre pagos por adelantado.   <br><strong>Adem\u00e1s:<\/strong> En el 2\u00ba recordatorio hay que pagar una tasa de 50,00 CHF.<\/p><p><strong>4 Duraci\u00f3n y rescisi\u00f3n del contrato<\/strong><\/p><p><strong>4.1 Duraci\u00f3n del contrato<\/strong><br>Este contrato se limita a la duraci\u00f3n del servicio puntual y finaliza autom\u00e1ticamente una vez que se hayan prestado en su totalidad los servicios acordados.<br>Como s\u00f3lo ofrecemos servicios puntuales de limpieza, la duraci\u00f3n del contrato garantiza que \u00e9ste no pueda cancelarse directamente despu\u00e9s de la limpieza.<\/p><p><strong>4.2 Cancelaci\u00f3n<\/strong><br>La cancelaci\u00f3n anticipada s\u00f3lo es posible por causa justificada y debe hacerse por escrito. El derecho a la cancelaci\u00f3n extraordinaria no se ve afectado. <br><strong>En caso de cancelaci\u00f3n por parte del cliente, el proveedor de servicios tiene derecho a exigir el importe total acordado.<\/strong><\/p><p><strong>5. responsabilidad<\/strong><\/p><p><strong>5.1 Responsabilidad del proveedor de servicios<\/strong><br>El proveedor de servicios es responsable de los da\u00f1os causados por negligencia grave o dolo. Queda excluida la responsabilidad por negligencia leve. <\/p><p><strong>5.2 Exclusi\u00f3n de responsabilidad<\/strong><br>El proveedor de servicios no ser\u00e1 responsable de los da\u00f1os causados por fuerza mayor, caso fortuito o por el propio cliente.<\/p><p><strong>6. seguro<br><\/strong>El proveedor de servicios dispone de un seguro de responsabilidad civil por importe de 5.000.000 CHF. Este seguro cubre los da\u00f1os que se produzcan en el transcurso del cumplimiento del contrato. <\/p><p><strong>7. personal<br><\/strong>El proveedor de servicios se reserva el derecho a desplegar personal cualificado para realizar los servicios. El Proveedor de Servicios se asegurar\u00e1 de que el personal desplegado est\u00e9 debidamente formado y cualificado. <\/p><p><strong>8. responsabilidad del cliente<br><\/strong>El cliente se compromete a contribuir al cumplimiento del contrato en la medida de lo posible. Esto incluye, en particular, garantizar el acceso del personal de limpieza a la vivienda que se va a limpiar. <\/p><p><strong>9. confidencialidad<br><\/strong>Ambas partes se comprometen a tratar toda la informaci\u00f3n confidencial obtenida en el contexto de la relaci\u00f3n contractual como estrictamente confidencial y a no revelarla a terceros. Esto incluye, en particular, documentos, datos personales e informaci\u00f3n sobre residencia, ingresos y propiedad. El cliente reconoce que tambi\u00e9n est\u00e1 sujeto a un deber de confidencialidad con respecto a los secretos comerciales. Los secretos comerciales son toda la informaci\u00f3n cuya divulgaci\u00f3n podr\u00eda perjudicar de alg\u00fan modo al proveedor de servicios o a sus empleados. Esta obligaci\u00f3n de confidencialidad permanecer\u00e1 en vigor incluso tras la finalizaci\u00f3n de la relaci\u00f3n contractual.    <\/p><p><strong>10. cl\u00e1usula de no competencia<br><\/strong>Se proh\u00edbe al Cliente atraer o competir con los empleados del Proveedor de Servicios por cuenta propia o de terceros sin la autorizaci\u00f3n expresa y por escrito del Proveedor de Servicios. Esto incluye, en particular, la intermediaci\u00f3n o la conclusi\u00f3n de relaciones comerciales con los empleados del proveedor de servicios. Incluso tras la finalizaci\u00f3n de la relaci\u00f3n contractual, el cliente no podr\u00e1 emplear directa o indirectamente a los empleados del proveedor de servicios en el plazo de un a\u00f1o y en las \u00e1reas de negocio en las que opera el proveedor de servicios.  <\/p><p><strong>11. penalizaci\u00f3n contractual<br><\/strong>Si el cliente infringe las disposiciones sobre confidencialidad (Art. 9) o la cl\u00e1usula de no competencia (Art. 10), se compromete a pagar una penalizaci\u00f3n contractual de <g id=\"gid_1\">2.000,00 CHF<\/g> por cada infracci\u00f3n individual. Adem\u00e1s, el cliente ser\u00e1 plenamente responsable de todos los da\u00f1os posteriores.<br>El pago de la penalizaci\u00f3n contractual no eximir\u00e1 al cliente de la obligaci\u00f3n de cumplir las obligaciones contractuales.<br>El proveedor de servicios tendr\u00e1 derecho a exigir que se subsane el incumplimiento y que en el futuro se cumpla el deber de confidencialidad y la cl\u00e1usula de no competencia.   <\/p><p><strong>12. modificaciones y adiciones<br><\/strong>Las modificaciones y adiciones al presente contrato deber\u00e1n realizarse por escrito y requerir\u00e1n el consentimiento mutuo de las partes contratantes.<\/p><p><strong>13 Jurisdicci\u00f3n y ley aplicable<\/strong><\/p><p><strong>13.1 Lugar de jurisdicci\u00f3n<\/strong><br>Las partes acuerdan que <strong>Zug<\/strong> ser\u00e1 el lugar exclusivo de jurisdicci\u00f3n para todas las disputas que surjan de o en relaci\u00f3n con este contrato.<\/p><p><strong>13.2 Legislaci\u00f3n aplicable<\/strong><br>El presente contrato se rige exclusivamente por la legislaci\u00f3n suiza.<\/p><p><strong>14. cl\u00e1usula de divisibilidad<br><\/strong>En caso de que alguna de las disposiciones de este contrato sea o llegue a ser inv\u00e1lida, ello no afectar\u00e1 a la validez del resto de las disposiciones. Las partes se comprometen a sustituir la disposici\u00f3n inv\u00e1lida por una disposici\u00f3n v\u00e1lida que se aproxime lo m\u00e1s posible a la finalidad econ\u00f3mica de la disposici\u00f3n inv\u00e1lida. <\/p><p><strong>15. disposiciones finales<br><\/strong>Este contrato contiene todos los acuerdos entre las partes y sustituye a todos los acuerdos verbales y escritos anteriores.<\/p><\/p><\/div>\t\t\t\t<\/div>\n\t\t\t\t<\/div>\n\t\t\t\t\t<\/div>\n\t\t<\/div>\n\t\t\t\t\t<\/div>\n\t\t<\/section>\n\t\t\t\t<\/div>\n\t\t","protected":false},"excerpt":{"rendered":"<p>Volver a la visi\u00f3n general de las CGC Condiciones generales de contrataci\u00f3n (CGC) para la limpieza de cristales Las presentes Condiciones Generales de Contrataci\u00f3n (CGC) regulan la relaci\u00f3n comercial entre Putz24 GmbH y el cliente. Al reservar nuestros servicios, el&#8230;<\/p>\n","protected":false},"author":1,"featured_media":0,"parent":11627,"menu_order":0,"comment_status":"closed","ping_status":"closed","template":"","meta":{"_acf_changed":false,"footnotes":""},"class_list":["post-11651","page","type-page","status-publish","hentry"],"acf":[],"_links":{"self":[{"href":"https:\/\/www.putz24.ch\/es\/wp-json\/wp\/v2\/pages\/11651","targetHints":{"allow":["GET"]}}],"collection":[{"href":"https:\/\/www.putz24.ch\/es\/wp-json\/wp\/v2\/pages"}],"about":[{"href":"https:\/\/www.putz24.ch\/es\/wp-json\/wp\/v2\/types\/page"}],"author":[{"embeddable":true,"href":"https:\/\/www.putz24.ch\/es\/wp-json\/wp\/v2\/users\/1"}],"replies":[{"embeddable":true,"href":"https:\/\/www.putz24.ch\/es\/wp-json\/wp\/v2\/comments?post=11651"}],"version-history":[{"count":30,"href":"https:\/\/www.putz24.ch\/es\/wp-json\/wp\/v2\/pages\/11651\/revisions"}],"predecessor-version":[{"id":253704,"href":"https:\/\/www.putz24.ch\/es\/wp-json\/wp\/v2\/pages\/11651\/revisions\/253704"}],"up":[{"embeddable":true,"href":"https:\/\/www.putz24.ch\/es\/wp-json\/wp\/v2\/pages\/11627"}],"wp:attachment":[{"href":"https:\/\/www.putz24.ch\/es\/wp-json\/wp\/v2\/media?parent=11651"}],"curies":[{"name":"wp","href":"https:\/\/api.w.org\/{rel}","templated":true}]}}