{"id":7772,"date":"2021-04-10T22:32:24","date_gmt":"2021-04-10T20:32:24","guid":{"rendered":"https:\/\/putz24.ch\/404-pagina\/"},"modified":"2025-07-22T22:07:46","modified_gmt":"2025-07-22T20:07:46","slug":"404-pagina","status":"publish","type":"page","link":"https:\/\/www.putz24.ch\/es\/404-pagina\/","title":{"rendered":"404 P\u00e1gina"},"content":{"rendered":"\t\t<div data-elementor-type=\"wp-page\" data-elementor-id=\"7772\" class=\"elementor elementor-7772 elementor-4192\">\n\t\t\t\t\t\t<section class=\"elementor-section elementor-top-section elementor-element elementor-element-120a817 elementor-section-height-min-height elementor-section-content-middle elementor-section-boxed elementor-section-height-default elementor-section-items-middle\" data-id=\"120a817\" data-element_type=\"section\" data-e-type=\"section\" data-settings=\"{&quot;background_background&quot;:&quot;classic&quot;}\">\n\t\t\t\t\t\t<div class=\"elementor-container elementor-column-gap-default\">\n\t\t\t\t\t<div class=\"elementor-column elementor-col-50 elementor-top-column elementor-element elementor-element-287c62c\" data-id=\"287c62c\" data-element_type=\"column\" data-e-type=\"column\">\n\t\t\t<div class=\"elementor-widget-wrap elementor-element-populated\">\n\t\t\t\t\t\t<div class=\"elementor-element elementor-element-27f9daa elementor-widget__width-initial elementor-widget elementor-widget-pix-img\" data-id=\"27f9daa\" data-element_type=\"widget\" data-e-type=\"widget\" data-widget_type=\"pix-img.default\">\n\t\t\t\t<div class=\"elementor-widget-container\">\n\t\t\t\t\t<div id=\"el-27f9daa\" class=\"pix-img-element d-inline-block \" ><div class=\"pix-img-el     text-center d-inline-block  w-100 rounded-lg\"  ><img fetchpriority=\"high\" decoding=\"async\" width=\"225\" height=\"510\" src=\"https:\/\/www.putz24.ch\/wp-content\/uploads\/2024\/12\/privathaushaltungen-menum.png\" class=\"pix-img-elem rounded-lg\" alt=\"404\" srcset=\"https:\/\/www.putz24.ch\/wp-content\/uploads\/2024\/12\/privathaushaltungen-menum.png 225w, https:\/\/www.putz24.ch\/wp-content\/uploads\/2024\/12\/privathaushaltungen-menum-132x300.png 132w\" sizes=\"(max-width: 225px) 100vw, 225px\" \/><\/div><\/div>\t\t\t\t<\/div>\n\t\t\t\t<\/div>\n\t\t\t\t\t<\/div>\n\t\t<\/div>\n\t\t\t\t<div class=\"elementor-column elementor-col-50 elementor-top-column elementor-element elementor-element-5f0a50c\" data-id=\"5f0a50c\" data-element_type=\"column\" data-e-type=\"column\">\n\t\t\t<div class=\"elementor-widget-wrap elementor-element-populated\">\n\t\t\t\t\t\t<div class=\"elementor-element elementor-element-7313213 elementor-widget elementor-widget-pix-highlighted-text\" data-id=\"7313213\" data-element_type=\"widget\" data-e-type=\"widget\" data-widget_type=\"pix-highlighted-text.default\">\n\t\t\t\t<div class=\"elementor-widget-container\">\n\t\t\t\t\t<div id=\"el-7313213\" class=\"pix-highlighted-element text-left \"><div class=\"d-inline-block\" style=\"max-width:600px;\"><h2 class=\"pix-highlighted-items \" style=\"\" data-anim-type=\"\" data-anim-delay=\"\"><span id=\"el-7313213-0\" class=\"pix-highlight-bg   elementor-repeater-item-8d4769c el-7313213-0 animate-in\" data-anim-type=\"highlight-grow\" data-anim-delay=\"200\"><span   class=\"pix-highlighted-text pix-highlight-item font-weight-normal  font-weight-bold heading-font text-heading-default\">Error 404<\/span><\/span><br \/><span id=\"el-7313213-1\"  class=\" elementor-repeater-item-a3da52b\"><span   class=\"pix-highlighted-text  pix-highlight-item font-weight-normal  heading-font text-heading-default\">P\u00e1gina no encontrada<\/span><\/span><\/h2><\/div><\/div>\t\t\t\t<\/div>\n\t\t\t\t<\/div>\n\t\t\t\t<div class=\"elementor-element elementor-element-f7d01db elementor-widget elementor-widget-pix-text\" data-id=\"f7d01db\" data-element_type=\"widget\" data-e-type=\"widget\" data-widget_type=\"pix-text.default\">\n\t\t\t\t<div class=\"elementor-widget-container\">\n\t\t\t\t\t<div class=\"pix-el-text w-100 text-left \" ><p class=\" resp-option text-body-default text-left secondary-font\" >\u00a1Uy! Lamentablemente, esta p\u00e1gina ya no existe. \n\nPero no te preocupes, no s\u00f3lo pondremos en orden tus habitaciones, sino tambi\u00e9n tu navegaci\u00f3n. Utiliza los enlaces que aparecen a continuaci\u00f3n para volver a ponerte en marcha: <\/p><\/div>\t\t\t\t<\/div>\n\t\t\t\t<\/div>\n\t\t\t\t<div class=\"elementor-element elementor-element-2defabd elementor-widget elementor-widget-pix-button\" data-id=\"2defabd\" data-element_type=\"widget\" data-e-type=\"widget\" data-widget_type=\"pix-button.default\">\n\t\t\t\t<div class=\"elementor-widget-container\">\n\t\t\t\t\t<a  href=\"https:\/\/putz24.ch\/en\" class=\"btn m-0     shadow-sm btn-secondary d-inline-flex align-items-center pix-hover-item       btn-normal\"     ><span class=\"font-weight-bold \" >A la p\u00e1gina de inicio  <\/span><svg class=\"pixfort-icon font-weight-bold  pix-hover-right  ml-2\" width=\"24\" height=\"24\"  data-name=\"Line\/pixfort-icon-arrow-right-2\" viewBox=\"2 2 20 20\"><polyline fill=\"none\" stroke=\"var(--pf-icon-color)\" stroke-linecap=\"round\" stroke-linejoin=\"round\" stroke-width=\"var(--pf-icon-stroke-width)\" points=\"9.5 17 14.5 12 9.5 7\"\/><\/svg><\/a>\t\t\t\t<\/div>\n\t\t\t\t<\/div>\n\t\t\t\t\t<\/div>\n\t\t<\/div>\n\t\t\t\t\t<\/div>\n\t\t<\/section>\n\t\t\t\t<\/div>\n\t\t","protected":false},"excerpt":{"rendered":"<p>Error 404P\u00e1gina no encontrada \u00a1Uy! Lamentablemente, esta p\u00e1gina ya no existe. Pero no te preocupes, no s\u00f3lo pondremos en orden tus habitaciones, sino tambi\u00e9n tu navegaci\u00f3n. Utiliza los enlaces que aparecen a continuaci\u00f3n para volver a ponerte en marcha: A&#8230;<\/p>\n","protected":false},"author":1,"featured_media":0,"parent":0,"menu_order":0,"comment_status":"closed","ping_status":"closed","template":"","meta":{"_acf_changed":false,"footnotes":""},"class_list":["post-7772","page","type-page","status-publish","hentry"],"acf":[],"_links":{"self":[{"href":"https:\/\/www.putz24.ch\/es\/wp-json\/wp\/v2\/pages\/7772","targetHints":{"allow":["GET"]}}],"collection":[{"href":"https:\/\/www.putz24.ch\/es\/wp-json\/wp\/v2\/pages"}],"about":[{"href":"https:\/\/www.putz24.ch\/es\/wp-json\/wp\/v2\/types\/page"}],"author":[{"embeddable":true,"href":"https:\/\/www.putz24.ch\/es\/wp-json\/wp\/v2\/users\/1"}],"replies":[{"embeddable":true,"href":"https:\/\/www.putz24.ch\/es\/wp-json\/wp\/v2\/comments?post=7772"}],"version-history":[{"count":10,"href":"https:\/\/www.putz24.ch\/es\/wp-json\/wp\/v2\/pages\/7772\/revisions"}],"predecessor-version":[{"id":40961,"href":"https:\/\/www.putz24.ch\/es\/wp-json\/wp\/v2\/pages\/7772\/revisions\/40961"}],"wp:attachment":[{"href":"https:\/\/www.putz24.ch\/es\/wp-json\/wp\/v2\/media?parent=7772"}],"curies":[{"name":"wp","href":"https:\/\/api.w.org\/{rel}","templated":true}]}}