{"id":7492,"date":"2021-04-05T23:30:40","date_gmt":"2021-04-05T21:30:40","guid":{"rendered":"https:\/\/putz24.ch\/works\/"},"modified":"2025-07-01T02:37:58","modified_gmt":"2025-07-01T00:37:58","slug":"works","status":"publish","type":"page","link":"https:\/\/www.putz24.ch\/fr\/works\/","title":{"rendered":"Works"},"content":{"rendered":"\t\t<div data-elementor-type=\"wp-page\" data-elementor-id=\"7492\" class=\"elementor elementor-7492\">\n\t\t\t\t\t\t<section class=\"pix-elementor-divider elementor-section elementor-top-section elementor-element elementor-element-a7973a0 elementor-section-boxed elementor-section-height-default elementor-section-height-default\" data-id=\"a7973a0\" data-element_type=\"section\" data-e-type=\"section\" data-settings=\"{&quot;background_background&quot;:&quot;classic&quot;}\">\n\t\t\t\t\t\t<div class=\"elementor-container elementor-column-gap-default\">\n\t\t\t\t\t<div class=\"elementor-column elementor-col-50 elementor-top-column elementor-element elementor-element-04a8ae4\" data-id=\"04a8ae4\" data-element_type=\"column\" data-e-type=\"column\">\n\t\t\t<div class=\"elementor-widget-wrap elementor-element-populated\">\n\t\t\t\t\t\t<div class=\"elementor-element elementor-element-b9aaa32 elementor-widget elementor-widget-pix-highlighted-text\" data-id=\"b9aaa32\" data-element_type=\"widget\" data-e-type=\"widget\" data-widget_type=\"pix-highlighted-text.default\">\n\t\t\t\t<div class=\"elementor-widget-container\">\n\t\t\t\t\t<div id=\"el-b9aaa32\" class=\"pix-highlighted-element text-left \"><h2 class=\"pix-highlighted-items \" style=\"\" data-anim-type=\"\" data-anim-delay=\"\"><span id=\"el-b9aaa32-0\"  class=\" elementor-repeater-item-d38df35\"><span   class=\"pix-highlighted-text  pix-highlight-item font-weight-normal  heading-font text-heading-default\">Consultez notre  <\/span><\/span><span id=\"el-b9aaa32-1\" class=\"pix-highlight-bg   elementor-repeater-item-b2f5606 el-b9aaa32-1 animate-in\" data-anim-type=\"highlight-grow\" data-anim-delay=\"200\"><span   class=\"pix-highlighted-text pix-highlight-item font-weight-normal  font-weight-bold heading-font text-heading-default\">le plus prestigieux<\/span><\/span><span id=\"el-b9aaa32-2\"  class=\" elementor-repeater-item-3d6442b\"><span   class=\"pix-highlighted-text  pix-highlight-item font-weight-normal  heading-font text-heading-default\">  projects.<\/span><\/span><\/h2><\/div>\t\t\t\t<\/div>\n\t\t\t\t<\/div>\n\t\t\t\t<div class=\"elementor-element elementor-element-0e20596 elementor-widget elementor-widget-pix-text\" data-id=\"0e20596\" data-element_type=\"widget\" data-e-type=\"widget\" data-widget_type=\"pix-text.default\">\n\t\t\t\t<div class=\"elementor-widget-container\">\n\t\t\t\t\t<div class=\"pix-el-text w-100 text-left \" ><p class=\"text-20 resp-option text-dark-opacity-5 text-left \" >Lorem ipsum dolor sit amet, consectetur adipiscing elit, sed do eiusmod tempor incididunt ut labore et dolore aliqua.<\/p><\/div>\t\t\t\t<\/div>\n\t\t\t\t<\/div>\n\t\t\t\t<div class=\"elementor-element elementor-element-d68f08e elementor-widget__width-auto elementor-widget elementor-widget-pix-button\" data-id=\"d68f08e\" data-element_type=\"widget\" data-e-type=\"widget\" data-widget_type=\"pix-button.default\">\n\t\t\t\t<div class=\"elementor-widget-container\">\n\t\t\t\t\t<a  href=\"#\" class=\"btn m-0     shadow-sm text-heading-default btn-white d-inline-flex align-items-center pix-hover-item       btn-lg\"     ><svg class=\"pixfort-icon font-weight-bold  pix-hover-left  mr-2\" width=\"24\" height=\"24\"  data-name=\"Line\/pixfort-icon-chat-messages-5\" viewBox=\"2 2 20 20\"><path fill=\"none\" stroke=\"var(--pf-icon-color)\" stroke-linecap=\"round\" stroke-linejoin=\"round\" stroke-width=\"var(--pf-icon-stroke-width)\" d=\"M9,15 C7.82650565,15 6.73169589,14.6631112 5.80700941,14.0807724 C3.9356698,14.6935908 3,15 3,15 C3,15 3.23656042,13.9443756 3.70968125,11.8331267 C3.25685133,10.9893238 3,10.0246573 3,9 C3,5.6862915 5.6862915,3 9,3 C12.3137085,3 15,5.6862915 15,9 C15,12.3137085 12.3137085,15 9,15 Z M9,15 C9,18.3137085 11.6862915,21 15,21 C16.1734943,21 17.2683041,20.6631112 18.1929906,20.0807724 C20.0643302,20.6935908 21,21 21,21 C21,21 20.7634396,19.9443756 20.2903187,17.8331267 C20.7431487,16.9893238 21,16.0246573 21,15 C21,12.3849179 19.3270029,10.1605852 16.9929211,9.33891441 C16.3693648,9.1194028 15.6986264,9 15,9\"\/><\/svg><span class=\"font-weight-bold \" >Contactez-nous pour les tarifs<\/span><\/a>\t\t\t\t<\/div>\n\t\t\t\t<\/div>\n\t\t\t\t<div class=\"elementor-element elementor-element-20fedcb elementor-widget elementor-widget-pix-text\" data-id=\"20fedcb\" data-element_type=\"widget\" data-e-type=\"widget\" data-widget_type=\"pix-text.default\">\n\t\t\t\t<div class=\"elementor-widget-container\">\n\t\t\t\t\t<div class=\"pix-el-text w-100 text-left \" ><p class=\" resp-option text-dark-opacity-5 text-left font-weight-bold\" >*Tous les prix du site web incluent les taxes compl\u00e8tes.<\/p><\/div>\t\t\t\t<\/div>\n\t\t\t\t<\/div>\n\t\t\t\t\t<\/div>\n\t\t<\/div>\n\t\t\t\t<div class=\"elementor-column elementor-col-50 elementor-top-column elementor-element elementor-element-ee33063\" data-id=\"ee33063\" data-element_type=\"column\" data-e-type=\"column\">\n\t\t\t<div class=\"elementor-widget-wrap elementor-element-populated\">\n\t\t\t\t\t\t<div class=\"elementor-element elementor-element-456af31 elementor-invisible elementor-widget elementor-widget-pix-img\" data-id=\"456af31\" data-element_type=\"widget\" data-e-type=\"widget\" data-widget_type=\"pix-img.default\">\n\t\t\t\t<div class=\"elementor-widget-container\">\n\t\t\t\t\t<div id=\"el-456af31\" class=\"pix-img-element d-inline-block \" ><div class=\"animate-in d-inline-block\" data-anim-type=\"fade-in-right\" data-anim-delay=\"300\"><div class=\"pix-img-el    fly text-center d-inline-block  w-100 rounded-10\"  ><\/div><\/div><\/div>\t\t\t\t<\/div>\n\t\t\t\t<\/div>\n\t\t\t\t\t<\/div>\n\t\t<\/div>\n\t\t\t\t\t<\/div>\n\t\t<\/section>\n\t\t<div class=\"pix-divider  position-relative pix-bottom-divider elementor-element elementor-element-a7973a0\" data-style=\"style-8\" ><svg xmlns=\"http:\/\/www.w3.org\/2000\/svg\" width=\"100%\" height=\"300px\" viewBox=\"0 0 1200 366\" preserveAspectRatio=\"none\"><g class=\"animate-in\" data-anim-type=\"fade-in-up\" data-anim-delay=\"300\"><polygon fill=\"url(#divider-pix-accordion-77433-bottom-overlay-layer-3)\" points=\"0 240 1200 0 1200 366 0 366\" \/><\/g><polygon fill=\"#FFFFFF00\"  points=\"0 300 1200 60 1200 366 0 366\" \/><polygon fill=\"#ffffff\" points=\"0 360 1200 120 1200 366 0 366\"\/><defs><linearGradient id=\"divider-pix-accordion-77433-bottom-overlay-layer-3\" x1=\"0%\" y1=\"0%\" x2=\"100%\" y2=\"0%\"><stop offset=\"0%\"   stop-color=\"#00000014\"\/><stop offset=\"100%\"   stop-color=\"#FFFFFF03\"\/><\/linearGradient><\/defs><\/svg><\/div>\t\t<section class=\"elementor-section elementor-top-section elementor-element elementor-element-85dbbe6 elementor-section-boxed elementor-section-height-default elementor-section-height-default\" data-id=\"85dbbe6\" data-element_type=\"section\" data-e-type=\"section\">\n\t\t\t\t\t\t<div class=\"elementor-container elementor-column-gap-default\">\n\t\t\t\t\t<div class=\"elementor-column elementor-col-100 elementor-top-column elementor-element elementor-element-ad0284a\" data-id=\"ad0284a\" data-element_type=\"column\" data-e-type=\"column\">\n\t\t\t<div class=\"elementor-widget-wrap elementor-element-populated\">\n\t\t\t\t\t\t<section class=\"elementor-section elementor-inner-section elementor-element elementor-element-eed39b8 elementor-section-boxed elementor-section-height-default elementor-section-height-default\" data-id=\"eed39b8\" data-element_type=\"section\" data-e-type=\"section\">\n\t\t\t\t\t\t<div class=\"elementor-container elementor-column-gap-default\">\n\t\t\t\t\t<div class=\"elementor-column elementor-col-100 elementor-inner-column elementor-element elementor-element-79e2507\" data-id=\"79e2507\" data-element_type=\"column\" data-e-type=\"column\">\n\t\t\t<div class=\"elementor-widget-wrap elementor-element-populated\">\n\t\t\t\t\t\t<div class=\"elementor-element elementor-element-b7a04e4 elementor-invisible elementor-widget elementor-widget-pix-badge\" data-id=\"b7a04e4\" data-element_type=\"widget\" data-e-type=\"widget\" data-widget_type=\"pix-badge.default\">\n\t\t\t\t<div class=\"elementor-widget-container\">\n\t\t\t\t\t<div class=\"pix-element-div w-100 text-center\"><span class=\"pix-badge-element h6 d-inline-flex mr-1 animate-in\" data-anim-type=\"fade-in-up\" data-anim-delay=\"300\"><span class=\"badge font-weight-bold  bg-dark-opacity-1  pix-py-10 pix-px-15\" style=\" \"><span class=\"text-body-default\" style=\"\">Th\u00e8me \u00e0 avoir<\/span><\/span><\/span><\/div>\t\t\t\t<\/div>\n\t\t\t\t<\/div>\n\t\t\t\t<div class=\"elementor-element elementor-element-d99e1e2 elementor-widget elementor-widget-pix-highlighted-text\" data-id=\"d99e1e2\" data-element_type=\"widget\" data-e-type=\"widget\" data-widget_type=\"pix-highlighted-text.default\">\n\t\t\t\t<div class=\"elementor-widget-container\">\n\t\t\t\t\t<div id=\"el-d99e1e2\" class=\"pix-highlighted-element text-center \"><div class=\"d-inline-block\" style=\"max-width:600px;\"><h2 class=\"pix-highlighted-items \" style=\"\" data-anim-type=\"\" data-anim-delay=\"\"><span id=\"el-d99e1e2-0\"  class=\" elementor-repeater-item-d38df35\"><span   class=\"pix-highlighted-text  pix-highlight-item font-weight-normal  heading-font text-heading-default\">V\u00e9rifiez ci-dessous les  <\/span><\/span><span id=\"el-d99e1e2-1\" class=\"pix-highlight-bg   elementor-repeater-item-b2f5606 el-d99e1e2-1 animate-in\" data-anim-type=\"highlight-grow\" data-anim-delay=\"200\"><span   class=\"pix-highlighted-text pix-highlight-item font-weight-normal  font-weight-bold heading-font text-heading-default\">les plus populaires<\/span><\/span><span id=\"el-d99e1e2-2\"  class=\" elementor-repeater-item-3d6442b\"><span   class=\"pix-highlighted-text  pix-highlight-item font-weight-normal  heading-font text-heading-default\">  services<\/span><\/span><\/h2><\/div><\/div>\t\t\t\t<\/div>\n\t\t\t\t<\/div>\n\t\t\t\t\t<\/div>\n\t\t<\/div>\n\t\t\t\t\t<\/div>\n\t\t<\/section>\n\t\t\t\t<div class=\"elementor-element elementor-element-20a74b3 elementor-widget elementor-widget-pix-gallery\" data-id=\"20a74b3\" data-element_type=\"widget\" data-e-type=\"widget\" data-widget_type=\"pix-gallery.default\">\n\t\t\t\t<div class=\"elementor-widget-container\">\n\t\t\t\t\t<div class=\"pix-lightbox\"><div class=\"pix_masonry  pix-3-columns\" style=\"width:100%\"><div class=\"grid-sizer\"><\/div><div class=\"gutter-sizer\"><\/div><div class=\" grid-item grid-item--width2 pix-mb-20 \"><a class=\"card pix-lightbox pix-lightbox-item pix-hover-item    rounded-lg\" data-fancybox=\"gallery\" data-caption=\"Il s'agit d'une simple description de votre image.\" href=\"\"><img decoding=\"async\" class=\"card-img  rounded-lg pix-gallery-item pix-gallery-lg\" src=\"\"   alt=\"Il s'agit d'une simple description de votre image.\" \/><div class=\"card-img-overlay d-flex align-items-end pix-p-10\"><div class=\"card-content-box pix-p-20 rounded-lg w-100 shadow  bg-white d-flex justify-content-between align-items-center\"><div class=\"card-title font-weight-bold h6  text-heading-default m-0 w-100\" style=\"\">Dites bonjour \u00e0 la galerie pixfort<\/div><div class=\"m-0 font-weight-bold h6  text-heading-default\"><svg xmlns=\"http:\/\/www.w3.org\/2000\/svg\" height=\"24\" viewBox=\"0 0 24 24\" width=\"24\"><path d=\"M7 14H5v5h5v-2H7v-3zm-2-4h2V7h3V5H5v5zm12 7h-3v2h5v-5h-2v3zM14 5v2h3v3h2V5h-5z\"\/><\/svg>\n<\/div><\/div><\/div><\/a><\/div><div class=\" grid-item pix-mb-20 \"><a class=\"card pix-lightbox pix-lightbox-item pix-hover-item    rounded-lg\" data-fancybox=\"gallery\" data-caption=\"Il s'agit d'une simple description de votre image.\" href=\"\"><img decoding=\"async\" class=\"card-img  rounded-lg pix-gallery-item pix-gallery-sm\" src=\"\"   alt=\"Il s'agit d'une simple description de votre image.\" \/><div class=\"card-img-overlay d-flex align-items-end pix-p-10\"><div class=\"card-content-box pix-p-20 rounded-lg w-100 shadow pix-fade-in bg-white d-flex justify-content-between align-items-center\"><div class=\"card-title font-weight-bold h6  text-heading-default m-0 w-100\" style=\"\">Cliquez pour ouvrir la bo\u00eete \u00e0 lumi\u00e8re<\/div><div class=\"m-0 font-weight-bold h6  text-heading-default\"><svg xmlns=\"http:\/\/www.w3.org\/2000\/svg\" height=\"24\" viewBox=\"0 0 24 24\" width=\"24\"><path d=\"M7 14H5v5h5v-2H7v-3zm-2-4h2V7h3V5H5v5zm12 7h-3v2h5v-5h-2v3zM14 5v2h3v3h2V5h-5z\"\/><\/svg>\n<\/div><\/div><\/div><\/a><\/div><div class=\" grid-item pix-mb-20 \"><a class=\"card pix-lightbox pix-lightbox-item pix-hover-item    rounded-lg\" data-fancybox=\"gallery\" data-caption=\"Il s'agit d'une simple description de votre image.\" href=\"\"><img decoding=\"async\" class=\"card-img  rounded-lg pix-gallery-item pix-gallery-sm\" src=\"\"   alt=\"Il s'agit d'une simple description de votre image.\" \/><div class=\"card-img-overlay d-flex align-items-end pix-p-10\"><div class=\"card-content-box pix-p-20 rounded-lg w-100 shadow  bg-white d-flex justify-content-between align-items-center\"><div class=\"card-title font-weight-bold h6  text-heading-default m-0 w-100\" style=\"\">Cliquez pour ouvrir la bo\u00eete \u00e0 lumi\u00e8re<\/div><div class=\"m-0 font-weight-bold h6  text-heading-default\"><svg xmlns=\"http:\/\/www.w3.org\/2000\/svg\" height=\"24\" viewBox=\"0 0 24 24\" width=\"24\"><path d=\"M7 14H5v5h5v-2H7v-3zm-2-4h2V7h3V5H5v5zm12 7h-3v2h5v-5h-2v3zM14 5v2h3v3h2V5h-5z\"\/><\/svg>\n<\/div><\/div><\/div><\/a><\/div><div class=\" grid-item pix-mb-20 \"><a class=\"card pix-lightbox pix-lightbox-item pix-hover-item    rounded-lg\" data-fancybox=\"gallery\" data-caption=\"Il s'agit d'une simple description de votre image.\" href=\"\"><img decoding=\"async\" class=\"card-img  rounded-lg pix-gallery-item pix-gallery-sm\" src=\"\"   alt=\"Il s'agit d'une simple description de votre image.\" \/><div class=\"card-img-overlay d-flex align-items-end pix-p-10\"><div class=\"card-content-box pix-p-20 rounded-lg w-100 shadow pix-fade-in bg-white d-flex justify-content-between align-items-center\"><div class=\"card-title font-weight-bold h6  text-heading-default m-0 w-100\" style=\"\">Cliquez pour ouvrir la bo\u00eete \u00e0 lumi\u00e8re<\/div><div class=\"m-0 font-weight-bold h6  text-heading-default\"><svg xmlns=\"http:\/\/www.w3.org\/2000\/svg\" height=\"24\" viewBox=\"0 0 24 24\" width=\"24\"><path d=\"M7 14H5v5h5v-2H7v-3zm-2-4h2V7h3V5H5v5zm12 7h-3v2h5v-5h-2v3zM14 5v2h3v3h2V5h-5z\"\/><\/svg>\n<\/div><\/div><\/div><\/a><\/div><div class=\" grid-item pix-mb-20 \"><a class=\"card pix-lightbox pix-lightbox-item pix-hover-item    rounded-lg\" data-fancybox=\"gallery\" data-caption=\"Il s'agit d'une simple description de votre image.\" href=\"\"><img decoding=\"async\" class=\"card-img  rounded-lg pix-gallery-item pix-gallery-sm\" src=\"\"   alt=\"Il s'agit d'une simple description de votre image.\" \/><div class=\"card-img-overlay d-flex align-items-end pix-p-10\"><div class=\"card-content-box pix-p-20 rounded-lg w-100 shadow pix-fade-in bg-white d-flex justify-content-between align-items-center\"><div class=\"card-title font-weight-bold h6  text-heading-default m-0 w-100\" style=\"\">Cliquez pour ouvrir la bo\u00eete \u00e0 lumi\u00e8re<\/div><div class=\"m-0 font-weight-bold h6  text-heading-default\"><svg xmlns=\"http:\/\/www.w3.org\/2000\/svg\" height=\"24\" viewBox=\"0 0 24 24\" width=\"24\"><path d=\"M7 14H5v5h5v-2H7v-3zm-2-4h2V7h3V5H5v5zm12 7h-3v2h5v-5h-2v3zM14 5v2h3v3h2V5h-5z\"\/><\/svg>\n<\/div><\/div><\/div><\/a><\/div><div class=\" grid-item pix-mb-20 \"><a class=\"card pix-hover-item    rounded-lg\" href=\"https:\/\/1.envato.market\/Essentials\" target=\"_blank\" title=\"This is an external link\" rel=\"nofollow noopener\"><img decoding=\"async\" class=\"card-img  rounded-lg pix-gallery-item pix-gallery-lg\" src=\"\"   alt=\"Il s'agit d'une simple description de votre image.\" \/><div class=\"card-img-overlay d-flex align-items-end pix-p-10\"><div class=\"card-content-box pix-p-20 rounded-lg w-100 shadow  bg-white d-flex justify-content-between align-items-center\"><div class=\"card-title font-weight-bold h6  text-heading-default m-0 w-100\" style=\"\">This is an external link<\/div><div class=\"m-0 font-weight-bold h6  text-heading-default\"><svg xmlns=\"http:\/\/www.w3.org\/2000\/svg\" height=\"24\" viewBox=\"0 0 24 24\" width=\"24\"><path d=\"M19 19H5V5h7V3H5c-1.11 0-2 .9-2 2v14c0 1.1.89 2 2 2h14c1.1 0 2-.9 2-2v-7h-2v7zM14 3v2h3.59l-9.83 9.83 1.41 1.41L19 6.41V10h2V3h-7z\"\/><\/svg>\n<\/div><\/div><\/div><\/a><\/div><div class=\" grid-item grid-item--width2 pix-mb-20 \"><a class=\"card pix-lightbox pix-lightbox-item pix-hover-item    rounded-lg\" data-fancybox=\"gallery\" data-caption=\"Il s'agit d'une simple description de votre image.\" href=\"\"><img decoding=\"async\" class=\"card-img  rounded-lg pix-gallery-item pix-gallery-sm\" src=\"\"   alt=\"Il s'agit d'une simple description de votre image.\" \/><div class=\"card-img-overlay d-flex align-items-end pix-p-10\"><div class=\"card-content-box pix-p-20 rounded-lg w-100 shadow pix-fade-in bg-white d-flex justify-content-between align-items-center\"><div class=\"card-title font-weight-bold h6  text-heading-default m-0 w-100\" style=\"\">Cliquez pour ouvrir la bo\u00eete \u00e0 lumi\u00e8re<\/div><div class=\"m-0 font-weight-bold h6  text-heading-default\"><svg xmlns=\"http:\/\/www.w3.org\/2000\/svg\" height=\"24\" viewBox=\"0 0 24 24\" width=\"24\"><path d=\"M7 14H5v5h5v-2H7v-3zm-2-4h2V7h3V5H5v5zm12 7h-3v2h5v-5h-2v3zM14 5v2h3v3h2V5h-5z\"\/><\/svg>\n<\/div><\/div><\/div><\/a><\/div><\/div><\/div>\t\t\t\t<\/div>\n\t\t\t\t<\/div>\n\t\t\t\t<section class=\"elementor-section elementor-inner-section elementor-element elementor-element-84bf52b elementor-section-boxed elementor-section-height-default elementor-section-height-default\" data-id=\"84bf52b\" data-element_type=\"section\" data-e-type=\"section\">\n\t\t\t\t\t\t<div class=\"elementor-container elementor-column-gap-default\">\n\t\t\t\t\t<div class=\"elementor-column elementor-col-100 elementor-inner-column elementor-element elementor-element-4d4c67f\" data-id=\"4d4c67f\" data-element_type=\"column\" data-e-type=\"column\">\n\t\t\t<div class=\"elementor-widget-wrap elementor-element-populated\">\n\t\t\t\t\t\t<div class=\"elementor-element elementor-element-12fa5fb elementor-widget elementor-widget-pix-button\" data-id=\"12fa5fb\" data-element_type=\"widget\" data-e-type=\"widget\" data-widget_type=\"pix-button.default\">\n\t\t\t\t<div class=\"elementor-widget-container\">\n\t\t\t\t\t<div class=\"d-block w-100 text-center\"><a href=\"https:\/\/essentials.pixfort.com\/company-elementor\/contact\/\" class=\"btn m-0     shadow-sm btn-secondary d-inline-flex align-items-center pix-hover-item       pix-btn-div btn-lg\" target=\"_blank\" rel=\"noopener\"><svg class=\"pixfort-icon font-weight-bold  pix-hover-left  mr-2\" width=\"24\" height=\"24\"  data-name=\"Line\/pixfort-icon-chat-messages-5\" viewBox=\"2 2 20 20\"><path fill=\"none\" stroke=\"var(--pf-icon-color)\" stroke-linecap=\"round\" stroke-linejoin=\"round\" stroke-width=\"var(--pf-icon-stroke-width)\" d=\"M9,15 C7.82650565,15 6.73169589,14.6631112 5.80700941,14.0807724 C3.9356698,14.6935908 3,15 3,15 C3,15 3.23656042,13.9443756 3.70968125,11.8331267 C3.25685133,10.9893238 3,10.0246573 3,9 C3,5.6862915 5.6862915,3 9,3 C12.3137085,3 15,5.6862915 15,9 C15,12.3137085 12.3137085,15 9,15 Z M9,15 C9,18.3137085 11.6862915,21 15,21 C16.1734943,21 17.2683041,20.6631112 18.1929906,20.0807724 C20.0643302,20.6935908 21,21 21,21 C21,21 20.7634396,19.9443756 20.2903187,17.8331267 C20.7431487,16.9893238 21,16.0246573 21,15 C21,12.3849179 19.3270029,10.1605852 16.9929211,9.33891441 C16.3693648,9.1194028 15.6986264,9 15,9\"\/><\/svg><span class=\"font-weight-bold \" >Prenez contact avec nous aujourd'hui<\/span><\/a><\/div>\t\t\t\t<\/div>\n\t\t\t\t<\/div>\n\t\t\t\t\t<\/div>\n\t\t<\/div>\n\t\t\t\t\t<\/div>\n\t\t<\/section>\n\t\t\t\t\t<\/div>\n\t\t<\/div>\n\t\t\t\t\t<\/div>\n\t\t<\/section>\n\t\t\t\t<\/div>\n\t\t","protected":false},"excerpt":{"rendered":"<p>Consultez notre le plus prestigieux projects. Lorem ipsum dolor sit amet, consectetur adipiscing elit, sed do eiusmod tempor incididunt ut labore et dolore aliqua. Contactez-nous pour les tarifs *Tous les prix du site web incluent les taxes compl\u00e8tes. Th\u00e8me \u00e0&#8230;<\/p>\n","protected":false},"author":1,"featured_media":0,"parent":0,"menu_order":0,"comment_status":"closed","ping_status":"closed","template":"","meta":{"_acf_changed":false,"footnotes":""},"class_list":["post-7492","page","type-page","status-publish","hentry"],"acf":[],"_links":{"self":[{"href":"https:\/\/www.putz24.ch\/fr\/wp-json\/wp\/v2\/pages\/7492","targetHints":{"allow":["GET"]}}],"collection":[{"href":"https:\/\/www.putz24.ch\/fr\/wp-json\/wp\/v2\/pages"}],"about":[{"href":"https:\/\/www.putz24.ch\/fr\/wp-json\/wp\/v2\/types\/page"}],"author":[{"embeddable":true,"href":"https:\/\/www.putz24.ch\/fr\/wp-json\/wp\/v2\/users\/1"}],"replies":[{"embeddable":true,"href":"https:\/\/www.putz24.ch\/fr\/wp-json\/wp\/v2\/comments?post=7492"}],"version-history":[{"count":3,"href":"https:\/\/www.putz24.ch\/fr\/wp-json\/wp\/v2\/pages\/7492\/revisions"}],"predecessor-version":[{"id":8025,"href":"https:\/\/www.putz24.ch\/fr\/wp-json\/wp\/v2\/pages\/7492\/revisions\/8025"}],"wp:attachment":[{"href":"https:\/\/www.putz24.ch\/fr\/wp-json\/wp\/v2\/media?parent=7492"}],"curies":[{"name":"wp","href":"https:\/\/api.w.org\/{rel}","templated":true}]}}