{"id":7544,"date":"2022-03-28T22:22:04","date_gmt":"2022-03-28T20:22:04","guid":{"rendered":"https:\/\/putz24.ch\/carrieres\/"},"modified":"2025-07-22T21:40:24","modified_gmt":"2025-07-22T19:40:24","slug":"carrieres","status":"publish","type":"page","link":"https:\/\/www.putz24.ch\/fr\/carrieres\/","title":{"rendered":"Carri\u00e8res"},"content":{"rendered":"\t\t<div data-elementor-type=\"wp-page\" data-elementor-id=\"7544\" class=\"elementor elementor-7544 elementor-6624\">\n\t\t\t\t\t\t<section class=\"elementor-section elementor-top-section elementor-element elementor-element-49b1c69 elementor-section-boxed elementor-section-height-default elementor-section-height-default\" data-id=\"49b1c69\" data-element_type=\"section\" data-e-type=\"section\" data-settings=\"{&quot;background_background&quot;:&quot;classic&quot;}\">\n\t\t\t\t\t\t<div class=\"elementor-container elementor-column-gap-default\">\n\t\t\t\t\t<div class=\"elementor-column elementor-col-100 elementor-top-column elementor-element elementor-element-e43c500\" data-id=\"e43c500\" data-element_type=\"column\" data-e-type=\"column\">\n\t\t\t<div class=\"elementor-widget-wrap elementor-element-populated\">\n\t\t\t\t\t\t<div class=\"elementor-element elementor-element-b89a542 elementor-widget elementor-widget-pix-badge\" data-id=\"b89a542\" data-element_type=\"widget\" data-e-type=\"widget\" data-widget_type=\"pix-badge.default\">\n\t\t\t\t<div class=\"elementor-widget-container\">\n\t\t\t\t\t<div class=\"pix-element-div w-100 text-center\"><span class=\"pix-badge-element h6 d-inline-flex mr-1 \"  ><span class=\"badge font-weight-bold badge-pill  bg-green-light  \" style=\" \"><span class=\"text-green\" style=\"\">La propret\u00e9 cr\u00e9e des liens<\/span><\/span><\/span><\/div>\t\t\t\t<\/div>\n\t\t\t\t<\/div>\n\t\t\t\t<div class=\"elementor-element elementor-element-7756e25 elementor-widget elementor-widget-pix-sliding-text\" data-id=\"7756e25\" data-element_type=\"widget\" data-e-type=\"widget\" data-widget_type=\"pix-sliding-text.default\">\n\t\t\t\t<div class=\"elementor-widget-container\">\n\t\t\t\t\t<div id=\"el-7756e25\" class=\"mb-3 text-center \"><div class=\"d-inline-block\" style=\"max-width:500px;\"><h2 class=\"mb-32 pix-sliding-headline-2 animate-in font-weight-bold secondary-font \" data-anim-type=\"pix-sliding-text\" pix-anim-delay=\"500\" data-class=\"secondary-font text-heading-default\" style=\"\"><span class=\"slide-in-container \"><span class=\"pix-sliding-item secondary-font text-heading-default\" style=\"transition-delay: 0ms;\">Rejoignez&#32;<\/span><\/span> <span class=\"slide-in-container \"><span class=\"pix-sliding-item secondary-font text-heading-default\" style=\"transition-delay: 50ms;\">notre&#32;<\/span><\/span> <span class=\"slide-in-container \"><span class=\"pix-sliding-item secondary-font text-heading-default\" style=\"transition-delay: 100ms;\">\u00e9quipe&#32;<\/span><\/span> <span class=\"slide-in-container \"><span class=\"pix-sliding-item secondary-font text-heading-default\" style=\"transition-delay: 150ms;\">Putz24&#32;<\/span><\/span> <\/h2><\/div><\/div>\t\t\t\t<\/div>\n\t\t\t\t<\/div>\n\t\t\t\t<div class=\"elementor-element elementor-element-c569f01 elementor-invisible elementor-widget elementor-widget-pix-text\" data-id=\"c569f01\" data-element_type=\"widget\" data-e-type=\"widget\" data-widget_type=\"pix-text.default\">\n\t\t\t\t<div class=\"elementor-widget-container\">\n\t\t\t\t\t<div class=\"pix-el-text w-100 text-center \" ><div class=\"d-inline-block\" style=\"max-width:500px;\"><p class=\"text-18 resp-option text-body-default text-center \" ><span class=\"text-body-default animate-in d-inline-block\" data-anim-delay=\"200\" data-anim-type=\"fade-in-up\">Vous recherchez un emploi qui offre flexibilit\u00e9, \u00e9quit\u00e9 et une atmosph\u00e8re de travail agr\u00e9able ? Chez Putz24, vous ferez partie d'une \u00e9quipe motiv\u00e9e, sp\u00e9cialis\u00e9e dans les services de nettoyage professionnels. Devenez notre prochain expert en nettoyage et organisez votre journ\u00e9e de travail selon vos besoins - postulez d\u00e8s maintenant !  <\/span><\/p><\/div><\/div>\t\t\t\t<\/div>\n\t\t\t\t<\/div>\n\t\t\t\t\t<\/div>\n\t\t<\/div>\n\t\t\t\t\t<\/div>\n\t\t<\/section>\n\t\t\t\t<section class=\"elementor-section elementor-top-section elementor-element elementor-element-193e9bc0 elementor-section-boxed elementor-section-height-default elementor-section-height-default\" data-id=\"193e9bc0\" data-element_type=\"section\" data-e-type=\"section\" id=\"pix_section_careers\" data-settings=\"{&quot;background_background&quot;:&quot;classic&quot;}\">\n\t\t\t\t\t\t<div class=\"elementor-container elementor-column-gap-default\">\n\t\t\t\t\t<div class=\"elementor-column elementor-col-50 elementor-top-column elementor-element elementor-element-4c7dfab5\" data-id=\"4c7dfab5\" data-element_type=\"column\" data-e-type=\"column\">\n\t\t\t<div class=\"elementor-widget-wrap elementor-element-populated\">\n\t\t\t\t\t\t<section class=\"sticky-top pix-sticky-top-adjust elementor-section elementor-inner-section elementor-element elementor-element-6e465a0a elementor-section-boxed elementor-section-height-default elementor-section-height-default\" data-id=\"6e465a0a\" data-element_type=\"section\" data-e-type=\"section\">\n\t\t\t\t\t\t<div class=\"elementor-container elementor-column-gap-default\">\n\t\t\t\t\t<div class=\"elementor-column elementor-col-100 elementor-inner-column elementor-element elementor-element-c21a8b2\" data-id=\"c21a8b2\" data-element_type=\"column\" data-e-type=\"column\">\n\t\t\t<div class=\"elementor-widget-wrap elementor-element-populated\">\n\t\t\t\t\t\t<div class=\"elementor-element elementor-element-320bd9f5 elementor-widget elementor-widget-pix-sliding-text\" data-id=\"320bd9f5\" data-element_type=\"widget\" data-e-type=\"widget\" data-widget_type=\"pix-sliding-text.default\">\n\t\t\t\t<div class=\"elementor-widget-container\">\n\t\t\t\t\t<div id=\"el-320bd9f5\" class=\"mb-3 text-center \"><h4 class=\"mb-32 pix-sliding-headline-2 animate-in font-weight-bold secondary-font \" data-anim-type=\"pix-sliding-text\" pix-anim-delay=\"500\" data-class=\"secondary-font text-heading-default\" style=\"\"><span class=\"slide-in-container \"><span class=\"pix-sliding-item secondary-font text-heading-default\" style=\"transition-delay: 0ms;\">Nettoyage&#32;<\/span><\/span> <\/h4><\/div>\t\t\t\t<\/div>\n\t\t\t\t<\/div>\n\t\t\t\t<div class=\"elementor-element elementor-element-5356761 elementor-widget elementor-widget-pix-text\" data-id=\"5356761\" data-element_type=\"widget\" data-e-type=\"widget\" data-widget_type=\"pix-text.default\">\n\t\t\t\t<div class=\"elementor-widget-container\">\n\t\t\t\t\t<div class=\"pix-el-text w-100 text-center \" ><p class=\"text-18 resp-option text-body-default text-center \" >Vous avez l'\u0153il pour la propret\u00e9 et vous cherchez un job qui vous offre flexibilit\u00e9 et estime ? En tant qu'agent de nettoyage chez Putz24, vous veillez \u00e0 ce que nos clients se sentent bien dans des locaux d'une propret\u00e9 \u00e9clatante. Qu'il s'agisse de nettoyage domestique, de nettoyage de bureau ou de t\u00e2ches de nettoyage sp\u00e9cifiques, un emploi vari\u00e9 avec un salaire \u00e9quitable et une \u00e9quipe de soutien vous attend chez nous. Faites partie de Putz24 et mettez de l'\u00e9clat dans votre quotidien !   \n\n\n\n\n\n\n<\/p><\/div>\t\t\t\t<\/div>\n\t\t\t\t<\/div>\n\t\t\t\t\t<\/div>\n\t\t<\/div>\n\t\t\t\t\t<\/div>\n\t\t<\/section>\n\t\t\t\t\t<\/div>\n\t\t<\/div>\n\t\t\t\t<div class=\"elementor-column elementor-col-50 elementor-top-column elementor-element elementor-element-62b99b00\" data-id=\"62b99b00\" data-element_type=\"column\" data-e-type=\"column\">\n\t\t\t<div class=\"elementor-widget-wrap elementor-element-populated\">\n\t\t\t\t\t\t<section class=\"pix-base-transition animate-in elementor-section elementor-inner-section elementor-element elementor-element-3e17efaa bg-white shadow-lg shadow-hover-lg fly-sm rounded-10 overflow-hidden elementor-section-boxed elementor-section-height-default elementor-section-height-default\" data-anim-type=\"pix-3d-up-in\" data-anim-delay=\"0\" data-id=\"3e17efaa\" data-element_type=\"section\" data-e-type=\"section\">\n\t\t\t\t\t\t<div class=\"elementor-container elementor-column-gap-default\">\n\t\t\t\t\t<div class=\"elementor-column elementor-col-100 elementor-inner-column elementor-element elementor-element-2fb9b14c\" data-id=\"2fb9b14c\" data-element_type=\"column\" data-e-type=\"column\">\n\t\t\t<div class=\"elementor-widget-wrap elementor-element-populated\">\n\t\t\t\t\t\t<div class=\"elementor-element elementor-element-3cd20940 elementor-invisible elementor-widget elementor-widget-pix-text\" data-id=\"3cd20940\" data-element_type=\"widget\" data-e-type=\"widget\" data-widget_type=\"pix-text.default\">\n\t\t\t\t<div class=\"elementor-widget-container\">\n\t\t\t\t\t<div class=\"pix-el-text w-100 text-left \" ><p class=\"text-20 resp-option text-heading-default text-left font-weight-bold secondary-font\" ><span class=\"text-heading-default animate-in d-inline-block\" data-anim-delay=\"200\" data-anim-type=\"fade-in-up\">Agent d'entretien\n(h\/f)<\/span><\/p><\/div>\t\t\t\t<\/div>\n\t\t\t\t<\/div>\n\t\t\t\t<div class=\"elementor-element elementor-element-b77b625 elementor-widget elementor-widget-pix-text\" data-id=\"b77b625\" data-element_type=\"widget\" data-e-type=\"widget\" data-widget_type=\"pix-text.default\">\n\t\t\t\t<div class=\"elementor-widget-container\">\n\t\t\t\t\t<div class=\"pix-el-text w-100 text-left \" ><p class=\"text-18 resp-option text-body-default text-left \" >Tu es minutieux, fiable et tu cherches un emploi qui offre de la flexibilit\u00e9 et un environnement de travail agr\u00e9able ? En tant qu'agent de nettoyage chez Putz24, tu es responsable de la propret\u00e9 et du bien-\u00eatre de nos clients. Nous te proposons un salaire \u00e9quitable, des horaires de travail flexibles et une \u00e9quipe qui te soutient. Faites partie de Putz24 et mettez de l'\u00e9clat dans le quotidien de nos clients !   <\/p><\/div>\t\t\t\t<\/div>\n\t\t\t\t<\/div>\n\t\t\t\t<div class=\"elementor-element elementor-element-4120f03 elementor-widget__width-auto elementor-invisible elementor-widget elementor-widget-pix-badge\" data-id=\"4120f03\" data-element_type=\"widget\" data-e-type=\"widget\" data-widget_type=\"pix-badge.default\">\n\t\t\t\t<div class=\"elementor-widget-container\">\n\t\t\t\t\t<span class=\"pix-badge-element h6 d-inline-flex mr-1 animate-in\" data-anim-type=\"fade-in-up\" data-anim-delay=\"0\"><span class=\"badge font-weight-bold secondary-font badge-pill  bg-green-light  \" style=\" \"><span class=\"text-green\" style=\"\">Suisse<\/span><\/span><\/span>\t\t\t\t<\/div>\n\t\t\t\t<\/div>\n\t\t\t\t<div class=\"elementor-element elementor-element-5de77e8c elementor-widget elementor-widget-pix-button\" data-id=\"5de77e8c\" data-element_type=\"widget\" data-e-type=\"widget\" data-widget_type=\"pix-button.default\">\n\t\t\t\t<div class=\"elementor-widget-container\">\n\t\t\t\t\t<div class=\"d-block w-100 text-right\"><a  href=\"https:\/\/putz24.ch\/fr\/carrieres\/agent-de-nettoyage-h-f\/\" class=\"btn m-0      btn-link text-green d-inline-flex align-items-center pix-hover-item  no-padding   secondary-font  animate-in pix-btn-div btn-normal\"   data-anim-type=\"fade-in-up\" data-anim-delay=\"400\" ><span class=\"font-weight-bold \" >Afficher la description du poste<\/span><svg class=\"pixfort-icon font-weight-bold  pix-hover-right  ml-2\" width=\"24\" height=\"24\"  data-name=\"Line\/pixfort-icon-arrow-right-circle-2\" viewBox=\"2 2 20 20\"><path fill=\"none\" stroke=\"var(--pf-icon-color)\" stroke-linecap=\"round\" stroke-linejoin=\"round\" stroke-width=\"var(--pf-icon-stroke-width)\" d=\"M12,21 C16.9705627,21 21,16.9705627 21,12 C21,7.02943725 16.9705627,3 12,3 C7.02943725,3 3,7.02943725 3,12 C3,16.9705627 7.02943725,21 12,21 Z M10.5,8 L14.5,12 L10.5,16\"\/><\/svg><\/a><\/div>\t\t\t\t<\/div>\n\t\t\t\t<\/div>\n\t\t\t\t\t<\/div>\n\t\t<\/div>\n\t\t\t\t\t<\/div>\n\t\t<\/section>\n\t\t\t\t<section class=\"pix-base-transition animate-in elementor-section elementor-inner-section elementor-element elementor-element-75cccda bg-white shadow-lg shadow-hover-lg fly-sm rounded-10 overflow-hidden elementor-section-boxed elementor-section-height-default elementor-section-height-default\" data-anim-type=\"pix-3d-up-in\" data-anim-delay=\"0\" data-id=\"75cccda\" data-element_type=\"section\" data-e-type=\"section\">\n\t\t\t\t\t\t<div class=\"elementor-container elementor-column-gap-default\">\n\t\t\t\t\t<div class=\"elementor-column elementor-col-100 elementor-inner-column elementor-element elementor-element-138c1fb\" data-id=\"138c1fb\" data-element_type=\"column\" data-e-type=\"column\">\n\t\t\t<div class=\"elementor-widget-wrap elementor-element-populated\">\n\t\t\t\t\t\t<div class=\"elementor-element elementor-element-0d8244d elementor-invisible elementor-widget elementor-widget-pix-text\" data-id=\"0d8244d\" data-element_type=\"widget\" data-e-type=\"widget\" data-widget_type=\"pix-text.default\">\n\t\t\t\t<div class=\"elementor-widget-container\">\n\t\t\t\t\t<div class=\"pix-el-text w-100 text-left \" ><p class=\"text-20 resp-option text-heading-default text-left font-weight-bold secondary-font\" ><span class=\"text-heading-default animate-in d-inline-block\" data-anim-delay=\"200\" data-anim-type=\"fade-in-up\">Concierge (h\/f)<\/span><\/p><\/div>\t\t\t\t<\/div>\n\t\t\t\t<\/div>\n\t\t\t\t<div class=\"elementor-element elementor-element-8c9a4d2 elementor-widget elementor-widget-pix-text\" data-id=\"8c9a4d2\" data-element_type=\"widget\" data-e-type=\"widget\" data-widget_type=\"pix-text.default\">\n\t\t\t\t<div class=\"elementor-widget-container\">\n\t\t\t\t\t<div class=\"pix-el-text w-100 text-left \" ><p class=\"text-18 resp-option text-body-default text-left \" >Tu es habile de tes mains, tu as le sens des responsabilit\u00e9s et tu appr\u00e9cies les activit\u00e9s vari\u00e9es ? En tant que gardien d'immeuble chez Putz24, tu t'occupes de la maintenance, de l'entretien et de la s\u00e9curit\u00e9 des b\u00e2timents et des installations. Qu'il s'agisse de petites r\u00e9parations, de travaux de nettoyage ou de l'entretien des espaces ext\u00e9rieurs - chez nous, tu peux faire preuve de tes comp\u00e9tences. Rejoignez notre \u00e9quipe et assurez-vous que tout se passe bien !   <\/p><\/div>\t\t\t\t<\/div>\n\t\t\t\t<\/div>\n\t\t\t\t<div class=\"elementor-element elementor-element-1c896b3 elementor-widget__width-auto elementor-invisible elementor-widget elementor-widget-pix-badge\" data-id=\"1c896b3\" data-element_type=\"widget\" data-e-type=\"widget\" data-widget_type=\"pix-badge.default\">\n\t\t\t\t<div class=\"elementor-widget-container\">\n\t\t\t\t\t<span class=\"pix-badge-element h6 d-inline-flex mr-1 animate-in\" data-anim-type=\"fade-in-up\" data-anim-delay=\"0\"><span class=\"badge font-weight-bold secondary-font badge-pill  bg-green-light  \" style=\" \"><span class=\"text-green\" style=\"\">Suisse<\/span><\/span><\/span>\t\t\t\t<\/div>\n\t\t\t\t<\/div>\n\t\t\t\t<div class=\"elementor-element elementor-element-be076c1 elementor-widget elementor-widget-pix-button\" data-id=\"be076c1\" data-element_type=\"widget\" data-e-type=\"widget\" data-widget_type=\"pix-button.default\">\n\t\t\t\t<div class=\"elementor-widget-container\">\n\t\t\t\t\t<div class=\"d-block w-100 text-right\"><a  href=\"https:\/\/putz24.ch\/fr\/carrieres\/concierge-h-f\/\" class=\"btn m-0      btn-link text-green d-inline-flex align-items-center pix-hover-item  no-padding   secondary-font  animate-in pix-btn-div btn-normal\"   data-anim-type=\"fade-in-up\" data-anim-delay=\"400\" ><span class=\"font-weight-bold \" >Afficher la description du poste<\/span><svg class=\"pixfort-icon font-weight-bold  pix-hover-right  ml-2\" width=\"24\" height=\"24\"  data-name=\"Line\/pixfort-icon-arrow-right-circle-2\" viewBox=\"2 2 20 20\"><path fill=\"none\" stroke=\"var(--pf-icon-color)\" stroke-linecap=\"round\" stroke-linejoin=\"round\" stroke-width=\"var(--pf-icon-stroke-width)\" d=\"M12,21 C16.9705627,21 21,16.9705627 21,12 C21,7.02943725 16.9705627,3 12,3 C7.02943725,3 3,7.02943725 3,12 C3,16.9705627 7.02943725,21 12,21 Z M10.5,8 L14.5,12 L10.5,16\"\/><\/svg><\/a><\/div>\t\t\t\t<\/div>\n\t\t\t\t<\/div>\n\t\t\t\t\t<\/div>\n\t\t<\/div>\n\t\t\t\t\t<\/div>\n\t\t<\/section>\n\t\t\t\t\t<\/div>\n\t\t<\/div>\n\t\t\t\t\t<\/div>\n\t\t<\/section>\n\t\t\t\t<\/div>\n\t\t","protected":false},"excerpt":{"rendered":"<p>La propret\u00e9 cr\u00e9e des liens Rejoignez&#32; notre&#32; \u00e9quipe&#32; Putz24&#32; Vous recherchez un emploi qui offre flexibilit\u00e9, \u00e9quit\u00e9 et une atmosph\u00e8re de travail agr\u00e9able ? Chez Putz24, vous ferez partie d&rsquo;une \u00e9quipe motiv\u00e9e, sp\u00e9cialis\u00e9e dans les services de nettoyage professionnels. Devenez&#8230;<\/p>\n","protected":false},"author":1,"featured_media":0,"parent":0,"menu_order":0,"comment_status":"closed","ping_status":"closed","template":"","meta":{"_acf_changed":false,"footnotes":""},"class_list":["post-7544","page","type-page","status-publish","hentry"],"acf":[],"_links":{"self":[{"href":"https:\/\/www.putz24.ch\/fr\/wp-json\/wp\/v2\/pages\/7544","targetHints":{"allow":["GET"]}}],"collection":[{"href":"https:\/\/www.putz24.ch\/fr\/wp-json\/wp\/v2\/pages"}],"about":[{"href":"https:\/\/www.putz24.ch\/fr\/wp-json\/wp\/v2\/types\/page"}],"author":[{"embeddable":true,"href":"https:\/\/www.putz24.ch\/fr\/wp-json\/wp\/v2\/users\/1"}],"replies":[{"embeddable":true,"href":"https:\/\/www.putz24.ch\/fr\/wp-json\/wp\/v2\/comments?post=7544"}],"version-history":[{"count":11,"href":"https:\/\/www.putz24.ch\/fr\/wp-json\/wp\/v2\/pages\/7544\/revisions"}],"predecessor-version":[{"id":40732,"href":"https:\/\/www.putz24.ch\/fr\/wp-json\/wp\/v2\/pages\/7544\/revisions\/40732"}],"wp:attachment":[{"href":"https:\/\/www.putz24.ch\/fr\/wp-json\/wp\/v2\/media?parent=7544"}],"curies":[{"name":"wp","href":"https:\/\/api.w.org\/{rel}","templated":true}]}}