{"id":7566,"date":"2022-03-28T23:03:21","date_gmt":"2022-03-28T21:03:21","guid":{"rendered":"https:\/\/putz24.ch\/carrieres\/concierge-h-f\/"},"modified":"2025-07-22T21:41:48","modified_gmt":"2025-07-22T19:41:48","slug":"concierge-h-f","status":"publish","type":"page","link":"https:\/\/www.putz24.ch\/fr\/carrieres\/concierge-h-f\/","title":{"rendered":"Concierge (h\/f)"},"content":{"rendered":"\t\t<div data-elementor-type=\"wp-page\" data-elementor-id=\"7566\" class=\"elementor elementor-7566 elementor-6625\">\n\t\t\t\t\t\t<section class=\"elementor-section elementor-top-section elementor-element elementor-element-2aac759 elementor-section-boxed elementor-section-height-default elementor-section-height-default\" data-id=\"2aac759\" data-element_type=\"section\" data-e-type=\"section\" data-settings=\"{&quot;background_background&quot;:&quot;classic&quot;}\">\n\t\t\t\t\t\t<div class=\"elementor-container elementor-column-gap-default\">\n\t\t\t\t\t<div class=\"elementor-column elementor-col-100 elementor-top-column elementor-element elementor-element-773810d\" data-id=\"773810d\" data-element_type=\"column\" data-e-type=\"column\">\n\t\t\t<div class=\"elementor-widget-wrap elementor-element-populated\">\n\t\t\t\t\t\t<div class=\"elementor-element elementor-element-8adeec9 elementor-widget elementor-widget-pix-heading\" data-id=\"8adeec9\" data-element_type=\"widget\" data-e-type=\"widget\" data-widget_type=\"pix-heading.default\">\n\t\t\t\t<div class=\"elementor-widget-container\">\n\t\t\t\t\t<div  class=\"pix-heading-el text-left \"><div class=\"d-inline-block\" style=\"max-width:750px;\"><h6 class=\"text-heading-default font-weight-bold h6 heading-text el-title_custom_color mb-12\" style=\"\" data-anim-type=\"\" data-anim-delay=\"\">Description du poste<\/h6><\/div><\/div>\t\t\t\t<\/div>\n\t\t\t\t<\/div>\n\t\t\t\t<div class=\"elementor-element elementor-element-5de77e8c elementor-widget elementor-widget-pix-button\" data-id=\"5de77e8c\" data-element_type=\"widget\" data-e-type=\"widget\" data-widget_type=\"pix-button.default\">\n\t\t\t\t<div class=\"elementor-widget-container\">\n\t\t\t\t\t<a  href=\"https:\/\/putz24.ch\/fr\/carrieres\/\" class=\"btn m-0      btn-link text-gray-5 d-inline-flex align-items-center pix-hover-item  no-padding     animate-in btn-normal\"   data-anim-type=\"fade-in-right\" data-anim-delay=\"\" ><svg class=\"pixfort-icon font-weight-bold  pix-hover-left  mr-2\" width=\"24\" height=\"24\"  data-name=\"Line\/pixfort-icon-arrow-left-circle-2\" viewBox=\"2 2 20 20\"><path fill=\"none\" stroke=\"var(--pf-icon-color)\" stroke-linecap=\"round\" stroke-linejoin=\"round\" stroke-width=\"var(--pf-icon-stroke-width)\" d=\"M12,21 C16.9705627,21 21,16.9705627 21,12 C21,7.02943725 16.9705627,3 12,3 C7.02943725,3 3,7.02943725 3,12 C3,16.9705627 7.02943725,21 12,21 Z M10.5,8 L14.5,12 L10.5,16\" transform=\"matrix(-1 0 0 1 24 0)\"\/><\/svg><span class=\"font-weight-bold \" >Z\u00fcruck sur les offres d'emploi<\/span><\/a>\t\t\t\t<\/div>\n\t\t\t\t<\/div>\n\t\t\t\t<div class=\"elementor-element elementor-element-8bcef40 elementor-invisible elementor-widget elementor-widget-pix-heading\" data-id=\"8bcef40\" data-element_type=\"widget\" data-e-type=\"widget\" data-widget_type=\"pix-heading.default\">\n\t\t\t\t<div class=\"elementor-widget-container\">\n\t\t\t\t\t<div  class=\"pix-heading-el text-left \"><div class=\"d-inline-block\" style=\"max-width:750px;\"><h4 class=\"text-heading-default font-weight-bold h4 animate-in heading-text el-title_custom_color mb-12\" style=\"\" data-anim-type=\"fade-in-up\" data-anim-delay=\"200\">Concierge (h\/f)<\/h4><\/div><\/div>\t\t\t\t<\/div>\n\t\t\t\t<\/div>\n\t\t\t\t<div class=\"elementor-element elementor-element-20b1b8 elementor-widget__width-auto elementor-invisible elementor-widget elementor-widget-pix-badge\" data-id=\"20b1b8\" data-element_type=\"widget\" data-e-type=\"widget\" data-widget_type=\"pix-badge.default\">\n\t\t\t\t<div class=\"elementor-widget-container\">\n\t\t\t\t\t<span class=\"pix-badge-element h6 d-inline-flex mr-1 animate-in\" data-anim-type=\"pix-3d-right-in\" data-anim-delay=\"0\"><span class=\"badge font-weight-bold secondary-font badge-pill  bg-primary  \" style=\" \"><span class=\"text-white\" style=\"\">Suisse<\/span><\/span><\/span>\t\t\t\t<\/div>\n\t\t\t\t<\/div>\n\t\t\t\t<div class=\"elementor-element elementor-element-b43169c elementor-widget elementor-widget-pix-text\" data-id=\"b43169c\" data-element_type=\"widget\" data-e-type=\"widget\" data-widget_type=\"pix-text.default\">\n\t\t\t\t<div class=\"elementor-widget-container\">\n\t\t\t\t\t<div class=\"pix-el-text w-100 text-left \" ><p class=\"resp-option text-left \"><p>Putz24 est synonyme de services professionnels autour de la propret\u00e9 et de l&rsquo;entretien des b\u00e2timents. Depuis notre cr\u00e9ation en 2024, nous nous sommes sp\u00e9cialis\u00e9s dans l&rsquo;offre d&rsquo;une qualit\u00e9 et d&rsquo;une fiabilit\u00e9 maximales \u00e0 nos clients. Afin de renforcer notre \u00e9quipe, nous recherchons des concierges engag\u00e9s qui prennent des responsabilit\u00e9s et s&rsquo;occupent de la maintenance et de l&rsquo;entretien des biens immobiliers.  <\/p><\/p><\/div>\t\t\t\t<\/div>\n\t\t\t\t<\/div>\n\t\t\t\t<div class=\"elementor-element elementor-element-284f9f6 elementor-widget elementor-widget-pix-heading\" data-id=\"284f9f6\" data-element_type=\"widget\" data-e-type=\"widget\" data-widget_type=\"pix-heading.default\">\n\t\t\t\t<div class=\"elementor-widget-container\">\n\t\t\t\t\t<div  class=\"pix-heading-el text-left \"><div class=\"d-inline-block\" style=\"max-width:750px;\"><h6 class=\"text-heading-default font-weight-bold h6 heading-text el-title_custom_color mb-12\" style=\"\" data-anim-type=\"\" data-anim-delay=\"\">\u00c0 propos de Putz24<\/h6><\/div><\/div>\t\t\t\t<\/div>\n\t\t\t\t<\/div>\n\t\t\t\t<div class=\"elementor-element elementor-element-25b6951 elementor-widget elementor-widget-pix-text\" data-id=\"25b6951\" data-element_type=\"widget\" data-e-type=\"widget\" data-widget_type=\"pix-text.default\">\n\t\t\t\t<div class=\"elementor-widget-container\">\n\t\t\t\t\t<div class=\"pix-el-text w-100 text-left \" ><p class=\"resp-option text-left \"><p>En tant qu&rsquo;entreprise jeune et dynamique, nous accordons une grande importance \u00e0 l&rsquo;esprit d&rsquo;\u00e9quipe, \u00e0 l&rsquo;estime et aux conditions de travail individuelles. Nos services vont des travaux de nettoyage \u00e0 la gestion compl\u00e8te de biens immobiliers &#8211; toujours avec l&rsquo;ambition d&rsquo;aider nos clients de la meilleure fa\u00e7on possible. Nous offrons \u00e0 nos collaborateurs un environnement de travail moderne et la possibilit\u00e9 d&rsquo;organiser leurs horaires de travail de mani\u00e8re flexible. Rejoignez une entreprise qui valorise vos comp\u00e9tences et vous offre un espace de d\u00e9veloppement personnel.   <\/p><\/p><\/div>\t\t\t\t<\/div>\n\t\t\t\t<\/div>\n\t\t\t\t<div class=\"elementor-element elementor-element-c84f0c4 elementor-widget elementor-widget-pix-heading\" data-id=\"c84f0c4\" data-element_type=\"widget\" data-e-type=\"widget\" data-widget_type=\"pix-heading.default\">\n\t\t\t\t<div class=\"elementor-widget-container\">\n\t\t\t\t\t<div  class=\"pix-heading-el text-left \"><div class=\"d-inline-block\" style=\"max-width:750px;\"><h6 class=\"text-heading-default font-weight-bold h6 heading-text el-title_custom_color mb-12\" style=\"\" data-anim-type=\"\" data-anim-delay=\"\">Vos t\u00e2ches en tant que concierge<\/h6><\/div><\/div>\t\t\t\t<\/div>\n\t\t\t\t<\/div>\n\t\t\t\t<div class=\"elementor-element elementor-element-c1bf61e elementor-widget elementor-widget-pix-text\" data-id=\"c1bf61e\" data-element_type=\"widget\" data-e-type=\"widget\" data-widget_type=\"pix-text.default\">\n\t\t\t\t<div class=\"elementor-widget-container\">\n\t\t\t\t\t<div class=\"pix-el-text w-100 text-left \" ><p class=\"resp-option text-left \"><ul><li>Contr\u00f4le et entretien r\u00e9guliers des b\u00e2timents et des installations<\/li><li>R\u00e9alisation de petites r\u00e9parations et de travaux de maintenance<\/li><li>Surveillance des installations techniques et garantie de leur bon fonctionnement<\/li><li>Entretien des espaces ext\u00e9rieurs (par exemple, jardinage, d\u00e9neigement)<\/li><li>Assurer la propret\u00e9 et l&rsquo;ordre dans et autour de la propri\u00e9t\u00e9<\/li><li>Personne de contact pour les clients en ce qui concerne les services de conciergerie<\/li><\/ul><\/p><\/div>\t\t\t\t<\/div>\n\t\t\t\t<\/div>\n\t\t\t\t<div class=\"elementor-element elementor-element-713d26e elementor-widget elementor-widget-pix-heading\" data-id=\"713d26e\" data-element_type=\"widget\" data-e-type=\"widget\" data-widget_type=\"pix-heading.default\">\n\t\t\t\t<div class=\"elementor-widget-container\">\n\t\t\t\t\t<div  class=\"pix-heading-el text-left \"><div class=\"d-inline-block\" style=\"max-width:750px;\"><h6 class=\"text-heading-default font-weight-bold h6 heading-text el-title_custom_color mb-12\" style=\"\" data-anim-type=\"\" data-anim-delay=\"\">Ce que nous vous offrons :<\/h6><\/div><\/div>\t\t\t\t<\/div>\n\t\t\t\t<\/div>\n\t\t\t\t<div class=\"elementor-element elementor-element-c612769 elementor-widget elementor-widget-pix-text\" data-id=\"c612769\" data-element_type=\"widget\" data-e-type=\"widget\" data-widget_type=\"pix-text.default\">\n\t\t\t\t<div class=\"elementor-widget-container\">\n\t\t\t\t\t<div class=\"pix-el-text w-100 text-left \" ><p class=\"resp-option text-left \"><ul><li>Un travail \u00e0 temps partiel avec des horaires flexibles<\/li><li>Un travail vari\u00e9 au sein d&rsquo;une \u00e9quipe motiv\u00e9e<\/li><li>Possibilit\u00e9s de d\u00e9velopper vos comp\u00e9tences<\/li><li>Un environnement de travail moderne et valorisant<\/li><\/ul><\/p><\/div>\t\t\t\t<\/div>\n\t\t\t\t<\/div>\n\t\t\t\t<div class=\"elementor-element elementor-element-2c15a33 elementor-widget elementor-widget-pix-heading\" data-id=\"2c15a33\" data-element_type=\"widget\" data-e-type=\"widget\" data-widget_type=\"pix-heading.default\">\n\t\t\t\t<div class=\"elementor-widget-container\">\n\t\t\t\t\t<div  class=\"pix-heading-el text-left \"><div class=\"d-inline-block\" style=\"max-width:750px;\"><h6 class=\"text-heading-default font-weight-bold h6 heading-text el-title_custom_color mb-12\" style=\"\" data-anim-type=\"\" data-anim-delay=\"\">Ce que vous apportez<\/h6><\/div><\/div>\t\t\t\t<\/div>\n\t\t\t\t<\/div>\n\t\t\t\t<div class=\"elementor-element elementor-element-333f917 elementor-widget elementor-widget-pix-text\" data-id=\"333f917\" data-element_type=\"widget\" data-e-type=\"widget\" data-widget_type=\"pix-text.default\">\n\t\t\t\t<div class=\"elementor-widget-container\">\n\t\t\t\t\t<div class=\"pix-el-text w-100 text-left \" ><p class=\"resp-option text-left \"><ul><li>Habilet\u00e9 manuelle et compr\u00e9hension technique<\/li><li>Sens des responsabilit\u00e9s, fiabilit\u00e9 et esprit d&rsquo;initiative<\/li><li>Une m\u00e9thode de travail rigoureuse et structur\u00e9e<\/li><li>Une attitude amicale et une bonne capacit\u00e9 de communication<\/li><li>Exp\u00e9rience dans le domaine de la conciergerie ou de l&rsquo;entretien des b\u00e2timents<\/li><\/ul><\/p><\/div>\t\t\t\t<\/div>\n\t\t\t\t<\/div>\n\t\t\t\t<div class=\"elementor-element elementor-element-665276d elementor-widget elementor-widget-pix-text\" data-id=\"665276d\" data-element_type=\"widget\" data-e-type=\"widget\" data-widget_type=\"pix-text.default\">\n\t\t\t\t<div class=\"elementor-widget-container\">\n\t\t\t\t\t<div class=\"pix-el-text w-100 text-left \" ><p class=\"resp-option text-left \"><p><strong>Postulez d\u00e8s maintenant et rejoignez l&rsquo;\u00e9quipe !<br><\/strong><\/p><p>Vous \u00eates pr\u00eat \u00e0 prendre des responsabilit\u00e9s et souhaitez travailler au sein d&rsquo;une \u00e9quipe motiv\u00e9e ? Alors cliquez sur le bouton et postulez d\u00e8s aujourd&rsquo;hui &#8211; nous avons h\u00e2te de vous rencontrer ! <\/p><\/p><\/div>\t\t\t\t<\/div>\n\t\t\t\t<\/div>\n\t\t\t\t<div class=\"elementor-element elementor-element-1fe6ccb elementor-widget elementor-widget-pix-button\" data-id=\"1fe6ccb\" data-element_type=\"widget\" data-e-type=\"widget\" data-widget_type=\"pix-button.default\">\n\t\t\t\t<div class=\"elementor-widget-container\">\n\t\t\t\t\t<a  href=\"https:\/\/putz24.ch\/fr\/candidature-en-tant-quagent-de-nettoyage\/\" class=\"btn m-0      btn-primary d-flex w-100  justify-content-center  align-items-center  text-center   btn-rounded animate-in btn-md\"   data-anim-type=\"fade-in-up\" data-anim-delay=\"100\" ><svg class=\"pixfort-icon font-weight-bold   mr-2\" width=\"24\" height=\"24\"  data-name=\"Line\/pixfort-icon-plus-circle-1\" viewBox=\"2 2 20 20\"><path fill=\"none\" stroke=\"var(--pf-icon-color)\" stroke-linecap=\"round\" stroke-linejoin=\"round\" stroke-width=\"var(--pf-icon-stroke-width)\" d=\"M12,21 C16.9705627,21 21,16.9705627 21,12 C21,7.02943725 16.9705627,3 12,3 C7.02943725,3 3,7.02943725 3,12 C3,16.9705627 7.02943725,21 12,21 Z M12,8 L12,16 M8,12 L16,12\"\/><\/svg><span class=\"font-weight-bold \" >Postuler maintenant<\/span><\/a>\t\t\t\t<\/div>\n\t\t\t\t<\/div>\n\t\t\t\t\t<\/div>\n\t\t<\/div>\n\t\t\t\t\t<\/div>\n\t\t<\/section>\n\t\t\t\t<\/div>\n\t\t","protected":false},"excerpt":{"rendered":"<p>Description du poste Z\u00fcruck sur les offres d&#8217;emploi Concierge (h\/f) Suisse Putz24 est synonyme de services professionnels autour de la propret\u00e9 et de l&#8217;entretien des b\u00e2timents. Depuis notre cr\u00e9ation en 2024, nous nous sommes sp\u00e9cialis\u00e9s dans l&#8217;offre d&#8217;une qualit\u00e9 et&#8230;<\/p>\n","protected":false},"author":1,"featured_media":0,"parent":7544,"menu_order":0,"comment_status":"closed","ping_status":"closed","template":"","meta":{"_acf_changed":false,"footnotes":""},"class_list":["post-7566","page","type-page","status-publish","hentry"],"acf":[],"_links":{"self":[{"href":"https:\/\/www.putz24.ch\/fr\/wp-json\/wp\/v2\/pages\/7566","targetHints":{"allow":["GET"]}}],"collection":[{"href":"https:\/\/www.putz24.ch\/fr\/wp-json\/wp\/v2\/pages"}],"about":[{"href":"https:\/\/www.putz24.ch\/fr\/wp-json\/wp\/v2\/types\/page"}],"author":[{"embeddable":true,"href":"https:\/\/www.putz24.ch\/fr\/wp-json\/wp\/v2\/users\/1"}],"replies":[{"embeddable":true,"href":"https:\/\/www.putz24.ch\/fr\/wp-json\/wp\/v2\/comments?post=7566"}],"version-history":[{"count":10,"href":"https:\/\/www.putz24.ch\/fr\/wp-json\/wp\/v2\/pages\/7566\/revisions"}],"predecessor-version":[{"id":40750,"href":"https:\/\/www.putz24.ch\/fr\/wp-json\/wp\/v2\/pages\/7566\/revisions\/40750"}],"up":[{"embeddable":true,"href":"https:\/\/www.putz24.ch\/fr\/wp-json\/wp\/v2\/pages\/7544"}],"wp:attachment":[{"href":"https:\/\/www.putz24.ch\/fr\/wp-json\/wp\/v2\/media?parent=7566"}],"curies":[{"name":"wp","href":"https:\/\/api.w.org\/{rel}","templated":true}]}}