{"id":7857,"date":"2025-01-07T18:07:37","date_gmt":"2025-01-07T17:07:37","guid":{"rendered":"https:\/\/putz24.ch\/configurateur-de-prix-pour-le-nettoyage-de-fin-de-sejour\/"},"modified":"2025-07-23T18:47:09","modified_gmt":"2025-07-23T16:47:09","slug":"configurateur-de-prix-pour-le-nettoyage-de-fin-de-sejour","status":"publish","type":"page","link":"https:\/\/www.putz24.ch\/fr\/configurateur-de-prix-pour-le-nettoyage-de-fin-de-sejour\/","title":{"rendered":"Configurateur de prix pour le nettoyage de fin de s\u00e9jour"},"content":{"rendered":"\t\t<div data-elementor-type=\"wp-page\" data-elementor-id=\"7857\" class=\"elementor elementor-7857 elementor-6603\">\n\t\t\t\t\t\t<section class=\"pix-elementor-divider elementor-section elementor-top-section elementor-element elementor-element-f59348b elementor-section-boxed elementor-section-height-default elementor-section-height-default\" data-id=\"f59348b\" data-element_type=\"section\" data-e-type=\"section\" data-settings=\"{&quot;background_background&quot;:&quot;classic&quot;}\">\n\t\t\t\t\t\t<div class=\"elementor-container elementor-column-gap-default\">\n\t\t\t\t\t<div class=\"elementor-column elementor-col-100 elementor-top-column elementor-element elementor-element-587d370\" data-id=\"587d370\" data-element_type=\"column\" data-e-type=\"column\">\n\t\t\t<div class=\"elementor-widget-wrap elementor-element-populated\">\n\t\t\t\t\t\t<div class=\"elementor-element elementor-element-b8bf48c elementor-widget elementor-widget-pix-highlighted-text\" data-id=\"b8bf48c\" data-element_type=\"widget\" data-e-type=\"widget\" data-widget_type=\"pix-highlighted-text.default\">\n\t\t\t\t<div class=\"elementor-widget-container\">\n\t\t\t\t\t<div id=\"el-b8bf48c\" class=\"pix-highlighted-element text-center \"><h2 class=\"pix-highlighted-items \" style=\"\" data-anim-type=\"\" data-anim-delay=\"\"><span id=\"el-b8bf48c-0\" class=\"pix-highlight-bg   elementor-repeater-item-a65e3b0 el-b8bf48c-0 animate-in\" data-anim-type=\"highlight-grow\" data-anim-delay=\"200\"><span   class=\"pix-highlighted-text pix-highlight-item font-weight-normal  font-weight-bold heading-font text-heading-default\">R\u00e9server<\/span><\/span><span id=\"el-b8bf48c-1\"  class=\" elementor-repeater-item-3d6442b\"><span   class=\"pix-highlighted-text  pix-highlight-item font-weight-normal  heading-font text-heading-default\"> le nettoyage final<\/span><\/span><\/h2><\/div>\t\t\t\t<\/div>\n\t\t\t\t<\/div>\n\t\t\t\t<div class=\"elementor-element elementor-element-7f81533 elementor-widget elementor-widget-pix-text\" data-id=\"7f81533\" data-element_type=\"widget\" data-e-type=\"widget\" data-widget_type=\"pix-text.default\">\n\t\t\t\t<div class=\"elementor-widget-container\">\n\t\t\t\t\t<div class=\"pix-el-text w-100 text-center \" ><p class=\"text-20 resp-option text-dark-opacity-5 text-center \" >R\u00e9servez votre nettoyage final d\u00e8s aujourd\u2019hui en un seul clic \u2013 rapide, ferme et sans attente. Une fois la r\u00e9servation effectu\u00e9e, vous recevrez imm\u00e9diatement votre confirmation de commande par e-mail.<\/p><\/div>\t\t\t\t<\/div>\n\t\t\t\t<\/div>\n\t\t\t\t<div class=\"elementor-element elementor-element-572ebd6 elementor-widget elementor-widget-pix-alert\" data-id=\"572ebd6\" data-element_type=\"widget\" data-e-type=\"widget\" data-widget_type=\"pix-alert.default\">\n\t\t\t\t<div class=\"elementor-widget-container\">\n\t\t\t\t\t<div class=\"alert position-relative d-flex flex-column flex-sm-row justify-content-between align-items-center alert-warning   rounded-lg font-weight-bold shadow\" role=\"alert\" ><div class=\"pix-alert-title mr-2 flex-grow-1 mb-2 mb-sm-0 order-2\">Veuillez noter : ce configurateur n\u2019est actuellement disponible qu\u2019en allemand.<\/div><\/div>\t\t\t\t<\/div>\n\t\t\t\t<\/div>\n\t\t\t\t\t<\/div>\n\t\t<\/div>\n\t\t\t\t\t<\/div>\n\t\t<\/section>\n\t\t<div class=\"pix-divider  position-relative pix-bottom-divider elementor-element elementor-element-f59348b\" data-style=\"style-8\" ><svg xmlns=\"http:\/\/www.w3.org\/2000\/svg\" width=\"100%\" height=\"300px\" viewBox=\"0 0 1200 366\" preserveAspectRatio=\"none\"><g class=\"animate-in\" data-anim-type=\"fade-in-up\" data-anim-delay=\"300\"><polygon fill=\"url(#divider-pix-accordion-865822-bottom-overlay-layer-3)\" points=\"0 240 1200 0 1200 366 0 366\" \/><\/g><polygon fill=\"#FFFFFF00\"  points=\"0 300 1200 60 1200 366 0 366\" \/><polygon fill=\"#ffffff\" points=\"0 360 1200 120 1200 366 0 366\"\/><defs><linearGradient id=\"divider-pix-accordion-865822-bottom-overlay-layer-3\" x1=\"0%\" y1=\"0%\" x2=\"100%\" y2=\"0%\"><stop offset=\"0%\"   stop-color=\"#00000014\"\/><stop offset=\"100%\"   stop-color=\"#FFFFFF03\"\/><\/linearGradient><\/defs><\/svg><\/div>\t\t<section class=\"pix-elementor-divider elementor-section elementor-top-section elementor-element elementor-element-a15ab3f elementor-section-boxed elementor-section-height-default elementor-section-height-default\" data-id=\"a15ab3f\" data-element_type=\"section\" data-e-type=\"section\" id=\"pix_section_comparison_table\" data-settings=\"{&quot;background_background&quot;:&quot;classic&quot;}\">\n\t\t\t\t\t\t<div class=\"elementor-container elementor-column-gap-default\">\n\t\t\t\t\t<div class=\"elementor-column elementor-col-100 elementor-top-column elementor-element elementor-element-c42571f\" data-id=\"c42571f\" data-element_type=\"column\" data-e-type=\"column\">\n\t\t\t<div class=\"elementor-widget-wrap elementor-element-populated\">\n\t\t\t\t\t\t<div class=\"elementor-element elementor-element-9d2e07b elementor-widget elementor-widget-html\" data-id=\"9d2e07b\" data-element_type=\"widget\" data-e-type=\"widget\" data-widget_type=\"html.default\">\n\t\t\t\t<div class=\"elementor-widget-container\">\n\t\t\t\t\t<!DOCTYPE html>\r\n\r\n<html lang=\"de\">\r\n    <style>\r\na.back_to_top {\r\n    display: none !important;\r\n}\r\n<\/style>\r\n<head>\r\n    <meta charset=\"UTF-8\">\r\n    <meta name=\"viewport\" content=\"width=device-width, initial-scale=1.0\">\r\n    <title>Endreinigung Konfigurator<\/title>\r\n    <link rel=\"stylesheet\" href=\"https:\/\/putz24.ch\/webhooks\/bitrix\/stylesendreinigung.css\">\r\n<\/head>\r\n<body>\r\n    <form id=\"endreinigungForm\" action=\"https:\/\/putz24.ch\/webhooks\/bitrix\/create_endreinigungen.php\" method=\"POST\" onsubmit=\"return handleSubmit(event)\">\r\n        <!-- Versteckte Felder f\u00fcr die \u00dcbergabe an Bitrix -->\r\n        <input type=\"hidden\" id=\"wohnflaeche\" name=\"wohnflaeche\" value=\"0\">\r\n        <input type=\"hidden\" id=\"kosten_m2\" name=\"kosten_m2\" value=\"0.00\">\r\n        <input type=\"hidden\" id=\"arbeitszeit\" name=\"arbeitszeit\" value=\"0.00\">\r\n        <input type=\"hidden\" id=\"kosten_stunden\" name=\"kosten_stunden\" value=\"0.00\">\r\n        <input type=\"hidden\" id=\"abnahmegarantie\" name=\"abnahmegarantie\" value=\"Nein\">   \r\n        <input type=\"hidden\" id=\"subtotal\" name=\"subtotal\" value=\"0\">\r\n        <input type=\"hidden\" id=\"mwst\" name=\"mwst\" value=\"0\">\r\n        <input type=\"hidden\" id=\"gesamtbetrag\" name=\"gesamtbetrag\" value=\"0\">     \r\n    <div class=\"konfigurator-wrapper\">\r\n<!-- Linke Spalte: Formulare -->\r\n<div class=\"konfigurator-left\">\r\n    <!-- Objektdetails -->\r\n<!-- Objektdetails -->\r\n<div class=\"konfigurator-section\">\r\n    <h2>Objektdetails<\/h2>\r\n    <div class=\"konfigurator-row\">\r\n        <div class=\"konfigurator-column\">\r\n            <label for=\"konfigurator-objekttyp\">Objekttyp:<\/label>\r\n            <select id=\"konfigurator-objekttyp\" name=\"objekttyp\" required>\r\n                <option value=\"Wohnung\">Wohnung<\/option>\r\n                <option value=\"Haus\">Haus<\/option>\r\n                <option value=\"Reihenhaus\">Reihenhaus<\/option>\r\n                <option value=\"Maisonettewohnung\">Maisonettewohnung<\/option>\r\n                <option value=\"B\u00fcro\">B\u00fcro<\/option>\r\n            <\/select>\r\n        <\/div>\r\n    <\/div>    \r\n    <div class=\"konfigurator-row\">\r\n        <div class=\"konfigurator-column\">\r\n            <label for=\"konfigurator-groesse\">Gr\u00f6\u00dfe (m\u00b2):<\/label>\r\n            <input type=\"number\" id=\"konfigurator-groesse\" name=\"wohnflaeche\" min=\"1\" placeholder=\"z. B. 100\" required>\r\n        <\/div>\r\n        <div class=\"konfigurator-column\">\r\n            <label for=\"konfigurator-zimmer\">Zimmeranzahl:<\/label>\r\n            <input type=\"number\" id=\"konfigurator-zimmer\" name=\"zimmeranzahl\" min=\"1\" placeholder=\"z. B. 3\" required>\r\n        <\/div>\r\n    <\/div>\r\n    <div class=\"konfigurator-row\">\r\n        <div class=\"konfigurator-column\">\r\n            <label for=\"konfigurator-nasszellen\">Nasszellenanzahl:<\/label>\r\n            <input type=\"number\" id=\"konfigurator-nasszellen\" name=\"nasszellenanzahl\" min=\"0\" placeholder=\"z. B. 2\" required>\r\n        <\/div>\r\n        <div class=\"konfigurator-column\">\r\n            <label for=\"konfigurator-stockwerke\">Anzahl Stockwerke:<\/label>\r\n            <input type=\"number\" id=\"konfigurator-stockwerke\" name=\"anzahl_stockwerke\" min=\"0\" placeholder=\"z. B. 1\" required>\r\n        <\/div>\r\n    <\/div>        \r\n<!-- Neue Felder f\u00fcr Adresse, PLZ und Ort -->\r\n<div class=\"konfigurator-row\">\r\n<div class=\"konfigurator-column\">\r\n    <label for=\"konfigurator-adresse\">Adresse der Liegenschaft:<\/label>\r\n    <input type=\"text\" id=\"konfigurator-adresse\" name=\"liegenschaft_adresse\" placeholder=\"z. B. Musterstra\u00dfe 1\" required>\r\n<\/div>\r\n<\/div>\r\n<div class=\"konfigurator-row\">\r\n<div class=\"konfigurator-column kon-column-3\">\r\n    <label for=\"konfigurator-plz\">PLZ:<\/label>\r\n    <input type=\"text\" id=\"konfigurator-plz\" name=\"liegenschaft_plz\" placeholder=\"z. B. 8000\" required>\r\n<\/div>\r\n<div class=\"konfigurator-column kon-column-9\">\r\n    <label for=\"konfigurator-ort\">Ort:<\/label>\r\n    <input type=\"text\" id=\"konfigurator-ort\" name=\"liegenschaft_ort\" placeholder=\"z. B. Z\u00fcrich\" required>\r\n<\/div>\r\n<\/div>\r\n<label for=\"erste_reinigung\">Wunschdatum der Endreinigung*<\/label>\r\n<input type=\"date\" id=\"erste_reinigung\" name=\"erste_reinigung\" required>\r\n<label for=\"auszugstermin\">Auszugstermin*<\/label>\r\n<input type=\"date\" id=\"auszugstermin\" name=\"auszugstermin\" required>\r\n<\/div>        \r\n<!-- Reinigungsumfang -->\r\n<div class=\"konfigurator-section\">\r\n<h2>Reinigungsumfang<\/h2>\r\n<div class=\"konfigurator-row\">\r\n    <div class=\"reinigungsumfang-item\">\r\n        <input type=\"checkbox\" id=\"all-rooms\" name=\"reinigungsumfang[]\" value=\"452\">\r\n        <label for=\"all-rooms\">\r\n            <img decoding=\"async\" src=\"https:\/\/putz24.ch\/webhooks\/bitrix\/images\/all-rooms.png\" alt=\"Alle Zimmer & K\u00fcche & Bad & WC\">\r\n            <p>Alle Zimmer & K\u00fcche & Bad & WC<\/p>\r\n        <\/label>\r\n    <\/div>\r\n    <div class=\"reinigungsumfang-item\">\r\n        <input type=\"checkbox\" id=\"basement\" name=\"reinigungsumfang[]\" value=\"454\">\r\n        <label for=\"basement\">\r\n            <img decoding=\"async\" src=\"https:\/\/putz24.ch\/webhooks\/bitrix\/images\/basement.png\" alt=\"Keller\">\r\n            <p>Keller<\/p>\r\n        <\/label>\r\n    <\/div>\r\n    <div class=\"reinigungsumfang-item\">\r\n        <input type=\"checkbox\" id=\"attic\" name=\"reinigungsumfang[]\" value=\"456\">\r\n        <label for=\"attic\">\r\n            <img decoding=\"async\" src=\"https:\/\/putz24.ch\/webhooks\/bitrix\/images\/attic.png\" alt=\"Dachboden\">\r\n            <p>Dachboden<\/p>\r\n        <\/label>\r\n    <\/div>\r\n    <div class=\"reinigungsumfang-item\">\r\n        <input type=\"checkbox\" id=\"wintergarden\" name=\"reinigungsumfang[]\" value=\"460\">\r\n        <label for=\"wintergarden\">\r\n            <img decoding=\"async\" src=\"https:\/\/putz24.ch\/webhooks\/bitrix\/images\/wintergarden.png\" alt=\"Wintergarten\">\r\n            <p>Wintergarten<\/p>\r\n        <\/label>\r\n    <\/div>\r\n    <div class=\"reinigungsumfang-item\">\r\n        <input type=\"checkbox\" id=\"balcony\" name=\"reinigungsumfang[]\" value=\"462\">\r\n        <label for=\"balcony\">\r\n            <img decoding=\"async\" src=\"https:\/\/putz24.ch\/webhooks\/bitrix\/images\/balcony.png\" alt=\"Balkon \/ Terrasse\">\r\n            <p>Balkon \/ Terrasse<\/p>\r\n        <\/label>\r\n    <\/div>\r\n<\/div>\r\n<\/div>\r\n   \r\n<!-- Besonderheiten Ihrer Unterkunft -->\r\n<div class=\"konfigurator-section\">\r\n<h2>Besonderheiten Ihrer Unterkunft<\/h2>\r\n<div class=\"konfigurator-row\">\r\n    <div class=\"reinigungsumfang-item\">\r\n        <input type=\"checkbox\" id=\"built-in-cabinets\" name=\"besonderheiten[]\" value=\"Einbauschr\u00e4nke\">\r\n        <label for=\"built-in-cabinets\">\r\n            <img decoding=\"async\" src=\"https:\/\/putz24.ch\/webhooks\/bitrix\/images\/kitchen-shelves.png\" alt=\"Einbauschr\u00e4nke\">\r\n            <p>Einbauschr\u00e4nke<\/p>\r\n        <\/label>\r\n    <\/div>\r\n    <div class=\"reinigungsumfang-item\">\r\n        <input type=\"checkbox\" id=\"washing-tower\" name=\"besonderheiten[]\" value=\"Waschturm\">\r\n        <label for=\"washing-tower\">\r\n            <img decoding=\"async\" src=\"https:\/\/putz24.ch\/webhooks\/bitrix\/images\/washing-machine.png\" alt=\"Waschturm\">\r\n            <p>Waschturm<\/p>\r\n        <\/label>\r\n    <\/div>\r\n    <div class=\"reinigungsumfang-item\">\r\n        <input type=\"checkbox\" id=\"furnished\" name=\"besonderheiten[]\" value=\"M\u00f6bliert\">\r\n        <label for=\"furnished\">\r\n            <img decoding=\"async\" src=\"https:\/\/putz24.ch\/webhooks\/bitrix\/images\/furnitures.png\" alt=\"M\u00f6bliert\">\r\n            <p>M\u00f6bliert<\/p>\r\n        <\/label>\r\n    <\/div>\r\n    <div class=\"reinigungsumfang-item\">\r\n        <input type=\"checkbox\" id=\"pets\" name=\"besonderheiten[]\" value=\"Haustiere\">\r\n        <label for=\"pets\">\r\n            <img decoding=\"async\" src=\"https:\/\/putz24.ch\/webhooks\/bitrix\/images\/dog.png\" alt=\"Haustiere\">\r\n            <p>Haustiere<\/p>\r\n        <\/label>\r\n    <\/div>\r\n<\/div>\r\n<\/div>\r\n\r\n    \r\n<!-- Zusatzdienstleistungen -->\r\n<div class=\"konfigurator-section\">\r\n<h2>Zusatzdienstleistungen<\/h2>\r\n<div class=\"konfigurator-row\">\r\n    <div class=\"reinigungsumfang-item\">\r\n        <input type=\"checkbox\" id=\"window-cleaning\" name=\"zusatzdienstleistungen[]\" value=\"Fensterreinigung\">\r\n        <label for=\"window-cleaning\">\r\n            <img decoding=\"async\" src=\"https:\/\/putz24.ch\/webhooks\/bitrix\/images\/window.png\" alt=\"Fensterreinigung\">\r\n            <p>Fenster<\/p>\r\n        <\/label>\r\n    <\/div>\r\n    <div class=\"reinigungsumfang-item\">\r\n        <input type=\"checkbox\" id=\"oven-cleaning\" name=\"zusatzdienstleistungen[]\" value=\"Backofenreinigung\">\r\n        <label for=\"oven-cleaning\">\r\n            <img decoding=\"async\" src=\"https:\/\/putz24.ch\/webhooks\/bitrix\/images\/oven.png\" alt=\"Backofenreinigung\">\r\n            <p>Backofen<\/p>\r\n        <\/label>\r\n    <\/div>\r\n    <div class=\"reinigungsumfang-item\">\r\n        <input type=\"checkbox\" id=\"fridge-cleaning\" name=\"zusatzdienstleistungen[]\" value=\"K\u00fchlschrankreinigung\">\r\n        <label for=\"fridge-cleaning\">\r\n            <img decoding=\"async\" src=\"https:\/\/putz24.ch\/webhooks\/bitrix\/images\/fridge.png\" alt=\"K\u00fchlschrankreinigung\">\r\n            <p>K\u00fchlschrank<\/p>\r\n        <\/label>\r\n    <\/div>\r\n    <div class=\"reinigungsumfang-item\">\r\n        <input type=\"checkbox\" id=\"closet-cleaning\" name=\"zusatzdienstleistungen[]\" value=\"Schrankinnenreinigung\">\r\n        <label for=\"closet-cleaning\">\r\n            <img decoding=\"async\" src=\"https:\/\/putz24.ch\/webhooks\/bitrix\/images\/closet.png\" alt=\"Schrankinnenreinigung\">\r\n            <p>Innenschr\u00e4nke<\/p>\r\n        <\/label>\r\n    <\/div>\r\n    <div class=\"reinigungsumfang-item\">\r\n        <input type=\"checkbox\" id=\"carpet-cleaning\" name=\"zusatzdienstleistungen[]\" value=\"Teppichreinigung\">\r\n        <label for=\"carpet-cleaning\">\r\n            <img decoding=\"async\" src=\"https:\/\/putz24.ch\/webhooks\/bitrix\/images\/carpet.png\" alt=\"Teppichreinigung\">\r\n            <p>Teppich<\/p>\r\n        <\/label>\r\n    <\/div>\r\n<\/div>\r\n<\/div>\r\n\r\n    \r\n<div class=\"konfigurator-section\">\r\n<h2>Mit Abnahmegarantie<\/h2>\r\n<div class=\"checkbox-container\">\r\n    <label for=\"konfigurator-abnahmegarantie\">\r\n        <input type=\"checkbox\" id=\"konfigurator-abnahmegarantie\" name=\"abnahmegarantie\" value=\"Ja\">\r\n        Mit Abnahmegarantie (+250 CHF)\r\n    <\/label>\r\n<\/div>\r\n<\/div>\r\n   \r\n<!-- Kontaktdaten -->\r\n<div class=\"konfigurator-section\">\r\n<h2>Kontaktdaten<\/h2>\r\n<div class=\"konfigurator-row\">\r\n    <div class=\"konfigurator-column\">\r\n        <label for=\"konfigurator-anrede\">Anrede:<\/label>\r\n        <select id=\"konfigurator-anrede\" name=\"anrede\">\r\n            <option value=\"Herr\">Herr<\/option>\r\n            <option value=\"Frau\">Frau<\/option>\r\n            <option value=\"Firma\">Firma<\/option>\r\n        <\/select>\r\n    <\/div>\r\n<\/div>\r\n<div class=\"konfigurator-row\">\r\n    <div class=\"konfigurator-column\">\r\n        <label for=\"konfigurator-name\">Name \/ Firmenname:<\/label>\r\n        <input type=\"text\" id=\"konfigurator-name\" name=\"name\" placeholder=\"Max Mustermann oder Muster AG\" required>\r\n    <\/div>\r\n<\/div>\r\n<div class=\"konfigurator-row\">\r\n    <div class=\"konfigurator-column\">\r\n        <label for=\"konfigurator-telefon\">Telefonnummer:<\/label>\r\n        <input type=\"text\" id=\"konfigurator-telefon\" name=\"telefon\" placeholder=\"+41 79 123 45 67\" required>\r\n    <\/div>\r\n<\/div>\r\n<div class=\"konfigurator-row\">\r\n    <div class=\"konfigurator-column\">\r\n        <label for=\"konfigurator-email\">E-Mail-Adresse:<\/label>\r\n        <input type=\"email\" id=\"konfigurator-email\" name=\"email\" placeholder=\"beispiel@domain.ch\" required>\r\n    <\/div>\r\n<\/div>\r\n<div class=\"konfigurator-row\">\r\n    <div class=\"konfigurator-column\">\r\n        <label for=\"konfigurator-adresse\">Adresse:<\/label>\r\n        <input type=\"text\" id=\"konfigurator-adresse\" name=\"adresse\" placeholder=\"Musterstrasse 1\" required>\r\n    <\/div>\r\n<\/div>\r\n<div class=\"konfigurator-row\">\r\n    <div class=\"konfigurator-column kon-column-3\">\r\n        <label for=\"konfigurator-plz\">PLZ:<\/label>\r\n        <input type=\"text\" id=\"konfigurator-plz\" name=\"plz\" placeholder=\"8000\" required>\r\n    <\/div>\r\n    <div class=\"konfigurator-column kon-column-9\">\r\n        <label for=\"konfigurator-ort\">Ort:<\/label>\r\n        <input type=\"text\" id=\"konfigurator-ort\" name=\"ort\" placeholder=\"Z\u00fcrich\" required>\r\n    <\/div>\r\n     <div class=\"konfigurator-row\">\r\n<\/div>\r\n<\/div>\r\n<div class=\"konfigurator-row\">\r\n    <div class=\"konfigurator-column\">\r\n        <label for=\"konfigurator-zusatzinfos\">Zus\u00e4tzliche Informationen:<\/label>\r\n        <textarea id=\"konfigurator-zusatzinfos\" name=\"zusatzinformationen\" placeholder=\"Hier k\u00f6nnen Sie zus\u00e4tzliche Angaben machen...\" rows=\"4\"><\/textarea>\r\n    <\/div>\r\n<\/div>\r\n<\/div>\r\n<!-- Checkbox f\u00fcr die AGB -->\r\n<div class=\"konfigurator-section\">\r\n<div class=\"checkbox-container\">\r\n    <input type=\"checkbox\" id=\"agb-checkbox\" required>\r\n    <label for=\"agb-checkbox\">\r\n        Ich habe die <a href=\"https:\/\/putz24.ch\/agb\/endreinigung\/\" target=\"_blank\">Nutzungsbedingungen<\/a> und die <a href=\"https:\/\/putz24.ch\/datenschutzrichtlinie\/\" target=\"_blank\">AGB<\/a> gelesen und akzeptiere diese.\r\n    <\/label>\r\n<\/div>\r\n\r\n<!-- Angebot-Button -->\r\n<button type=\"submit\" id=\"angebot-button\" class=\"agb-button\">\r\n    Vertragsabschluss\r\n<\/button>\r\n<\/div>\r\n<\/form>\r\n\r\n\r\n\r\n        <\/div>\r\n    \r\n    <!-- Rechte Spalte: Kosten\u00fcbersicht (sichtbar auf Desktop) -->\r\n    <div class=\"konfigurator-right\">\r\n        <h5>Kosten\u00fcbersicht<\/h5>\r\n        <div class=\"konfigurator-summary-row\">\r\n            <span>Wohnfl\u00e4che:<\/span>\r\n            <span class=\"summary-value\">\r\n                <span id=\"konfigurator-summary-wohnflaeche\">0<\/span> m\u00b2\r\n            <\/span>\r\n        <\/div>\r\n        <div class=\"konfigurator-summary-row\">\r\n            <span>Kosten basierend auf m\u00b2:<\/span>\r\n            <span class=\"summary-value\">\r\n                <span id=\"konfigurator-summary-m2\">0.00<\/span> CHF\r\n            <\/span>\r\n        <\/div>\r\n        <div class=\"konfigurator-summary-row\">\r\n            <span>Gesch\u00e4tzte Arbeitszeit:<\/span>\r\n            <span class=\"summary-value\">\r\n                <span id=\"konfigurator-summary-stunden\">0.00<\/span> Stunden\r\n            <\/span>\r\n        <\/div>\r\n        <div class=\"konfigurator-summary-row\">\r\n            <span>Kosten basierend auf Stunden:<\/span>\r\n            <span class=\"summary-value\">\r\n                <span id=\"konfigurator-summary-stundenkosten\">0.00<\/span> CHF\r\n            <\/span>\r\n        <\/div>\r\n        <div class=\"konfigurator-summary-row\">\r\n            <span>Abnahmegarantie:<\/span>\r\n            <span class=\"summary-value\">\r\n                <span id=\"konfigurator-summary-abnahmegarantie\">Nein<\/span>\r\n            <\/span>\r\n        <\/div>\r\n        <div class=\"konfigurator-summary-row\">\r\n            <span>Subtotal CHF:<\/span>\r\n            <span class=\"summary-value\">\r\n                <span id=\"konfigurator-summary-subtotal\">0.00<\/span>\r\n            <\/span>\r\n        <\/div>\r\n        <div class=\"konfigurator-summary-row\">\r\n            <span>exkl. MWST 8.1%:<\/span>\r\n            <span class=\"summary-value\">\r\n                <span id=\"konfigurator-summary-mwst\">0.00<\/span>\r\n            <\/span>\r\n        <\/div>\r\n        <div class=\"konfigurator-summary-row\">\r\n            <strong>Gesamttotal CHF:<\/strong>\r\n            <strong class=\"summary-value\">\r\n                <span id=\"konfigurator-summary-gesamtkosten\">0.00<\/span>\r\n            <\/strong>\r\n        <\/div>\r\n        \r\n    <\/div>\r\n\r\n    <div class=\"konfigurator-sticky-footer\">\r\n        <div class=\"footer-header\" onclick=\"toggleFooter()\">\r\n            <div class=\"footer-left\">\r\n                <span class=\"total-label\">Gesamttotal:<\/span>\r\n            <\/div>\r\n            <div class=\"footer-center\">\r\n                <div class=\"swipe-handle\"><\/div>\r\n            <\/div>\r\n            <div class=\"footer-right\">\r\n                <span class=\"total-amount\">\r\n                    <span id=\"konfigurator-summary-gesamtkosten-footer\">0.00<\/span> CHF\r\n                <\/span>\r\n            <\/div>\r\n        <\/div>\r\n        <div class=\"konfigurator-footer-content\">\r\n            <h3>Kosten\u00fcbersicht<\/h3>\r\n            <div class=\"konfigurator-summary-row\">\r\n                <span>Wohnfl\u00e4che:<\/span>\r\n                <span class=\"summary-value\">\r\n                    <span id=\"konfigurator-summary-wohnflaeche-footer\">0<\/span> m\u00b2\r\n                <\/span>\r\n            <\/div>\r\n            <div class=\"konfigurator-summary-row\">\r\n                <span>Kosten basierend auf m\u00b2:<\/span>\r\n                <span class=\"summary-value\">\r\n                    <span id=\"konfigurator-summary-m2-footer\">0.00<\/span> CHF\r\n                <\/span>\r\n            <\/div>\r\n            <div class=\"konfigurator-summary-row\">\r\n                <span>Gesch\u00e4tzte Arbeitszeit:<\/span>\r\n                <span class=\"summary-value\">\r\n                    <span id=\"konfigurator-summary-stunden-footer\">0.00<\/span> Stunden\r\n                <\/span>\r\n            <\/div>\r\n            <div class=\"konfigurator-summary-row\">\r\n                <span>Kosten basierend auf Stunden:<\/span>\r\n                <span class=\"summary-value\">\r\n                    <span id=\"konfigurator-summary-stundenkosten-footer\">0.00<\/span> CHF\r\n                <\/span>\r\n            <\/div>\r\n            <div class=\"konfigurator-summary-row\">\r\n                <span>Abnahmegarantie:<\/span>\r\n                <span class=\"summary-value\">\r\n                    <span id=\"konfigurator-summary-abnahmegarantie-footer\">Nein<\/span>\r\n                <\/span>\r\n            <\/div>\r\n        <\/div>\r\n    <\/div>    \r\n<\/div>        \r\n    \r\n<!-- Erfolgsmeldung Popup -->\r\n<div id=\"konfigurator-success-modal\" class=\"konfigurator-modal\" style=\"display: none;\">\r\n<div class=\"konfigurator-modal-content\">\r\n    <h5>Vielen Dank!<\/h5>\r\n    <p id=\"konfigurator-success-message\">Ihre Anfrage wurde erfolgreich gesendet. Wir melden uns in K\u00fcrze bei Ihnen.<\/p>\r\n    <button onclick=\"closeKonfiguratorSuccessModal()\">Schlie\u00dfen<\/button>\r\n<\/div>\r\n<\/div>\r\n\r\n\r\n<script src=\"https:\/\/putz24.ch\/webhooks\/bitrix\/konfigurator_logic.js\"><\/script>\r\n<\/body>\r\n<\/html>\r\n\t\t\t\t<\/div>\n\t\t\t\t<\/div>\n\t\t\t\t\t<\/div>\n\t\t<\/div>\n\t\t\t\t\t<\/div>\n\t\t<\/section>\n\t\t<div class=\"pix-divider  position-relative pix-bottom-divider elementor-element elementor-element-a15ab3f\" data-style=\"style-8\" ><svg xmlns=\"http:\/\/www.w3.org\/2000\/svg\" width=\"100%\" height=\"300px\" viewBox=\"0 0 1200 366\" preserveAspectRatio=\"none\"><polygon fill=\"#ffffff\" points=\"0 360 1200 120 1200 366 0 366\"\/><defs><\/defs><\/svg><\/div>\t\t<\/div>\n\t\t","protected":false},"excerpt":{"rendered":"<p>R\u00e9server le nettoyage final R\u00e9servez votre nettoyage final d\u00e8s aujourd\u2019hui en un seul clic \u2013 rapide, ferme et sans attente. Une fois la r\u00e9servation effectu\u00e9e, vous recevrez imm\u00e9diatement votre confirmation de commande par e-mail. Veuillez noter : ce configurateur n\u2019est&#8230;<\/p>\n","protected":false},"author":1,"featured_media":0,"parent":0,"menu_order":0,"comment_status":"closed","ping_status":"closed","template":"","meta":{"_acf_changed":false,"footnotes":""},"class_list":["post-7857","page","type-page","status-publish","hentry"],"acf":[],"_links":{"self":[{"href":"https:\/\/www.putz24.ch\/fr\/wp-json\/wp\/v2\/pages\/7857","targetHints":{"allow":["GET"]}}],"collection":[{"href":"https:\/\/www.putz24.ch\/fr\/wp-json\/wp\/v2\/pages"}],"about":[{"href":"https:\/\/www.putz24.ch\/fr\/wp-json\/wp\/v2\/types\/page"}],"author":[{"embeddable":true,"href":"https:\/\/www.putz24.ch\/fr\/wp-json\/wp\/v2\/users\/1"}],"replies":[{"embeddable":true,"href":"https:\/\/www.putz24.ch\/fr\/wp-json\/wp\/v2\/comments?post=7857"}],"version-history":[{"count":21,"href":"https:\/\/www.putz24.ch\/fr\/wp-json\/wp\/v2\/pages\/7857\/revisions"}],"predecessor-version":[{"id":44565,"href":"https:\/\/www.putz24.ch\/fr\/wp-json\/wp\/v2\/pages\/7857\/revisions\/44565"}],"wp:attachment":[{"href":"https:\/\/www.putz24.ch\/fr\/wp-json\/wp\/v2\/media?parent=7857"}],"curies":[{"name":"wp","href":"https:\/\/api.w.org\/{rel}","templated":true}]}}